{"id":3283,"date":"2018-03-16T17:18:26","date_gmt":"2018-03-16T17:18:26","guid":{"rendered":"http:\/\/demo-content.kaliumtheme.com\/architecture\/?page_id=3283"},"modified":"2025-04-09T09:18:19","modified_gmt":"2025-04-09T06:18:19","slug":"ic-mimarlik-projeleri","status":"publish","type":"page","link":"https:\/\/www.armeda.com.tr\/tr\/ic-mimarlik-projeleri\/","title":{"rendered":"Projeler"},"content":{"rendered":"<div class=\"wpb-content-wrapper\"><p>[vc_row][vc_column][lab_portfolio_items title_tag=&#8221;h1&#8243; description=&#8221;Almanya ve T\u00fcrkiye&#8217;de, tasar\u0131m ve uygulamas\u0131n\u0131 yapt\u0131\u011f\u0131m\u0131z projelerimiz.&#8221; category_filter=&#8221;no&#8221; columns=&#8221;3&#8243; reveal_effect=&#8221;fade&#8221; dynamic_image_height=&#8221;yes&#8221; pagination_type=&#8221;endless&#8221; endless_auto_reveal=&#8221;yes&#8221; endless_show_more_button_text=&#8221;Daha Fazla G\u00f6ster&#8221; endless_no_more_items_button_text=&#8221;Daha fazla proje yok&#8221; endless_per_page=&#8221;8&#8243; portfolio_query=&#8221;size:100|order_by:date|order:ASC|post_type:portfolio|tax_query:279&#8243; el_class=&#8221;projects-page&#8221;][\/vc_column][\/vc_row]<\/p>\n<\/div>","protected":false},"excerpt":{"rendered":"<p>[vc_row][vc_column][lab_portfolio_items title_tag=&#8221;h1&#8243; description=&#8221;Almanya ve T\u00fcrkiye&#8217;de, tasar\u0131m ve uygulamas\u0131n\u0131 yapt\u0131\u011f\u0131m\u0131z projelerimiz.&#8221; category_filter=&#8221;no&#8221; columns=&#8221;3&#8243; reveal_effect=&#8221;fade&#8221; dynamic_image_height=&#8221;yes&#8221; pagination_type=&#8221;endless&#8221; endless_auto_reveal=&#8221;yes&#8221; endless_show_more_button_text=&#8221;Daha Fazla G\u00f6ster&#8221; endless_no_more_items_button_text=&#8221;Daha fazla proje yok&#8221; endless_per_page=&#8221;8&#8243; portfolio_query=&#8221;size:100|order_by:date|order:ASC|post_type:portfolio|tax_query:279&#8243; el_class=&#8221;projects-page&#8221;][\/vc_column][\/vc_row]<\/p>\n","protected":false},"author":2,"featured_media":4625,"parent":0,"menu_order":0,"comment_status":"open","ping_status":"closed","template":"","meta":{"_acf_changed":false,"footnotes":""},"class_list":["post-3283","page","type-page","status-publish","has-post-thumbnail","hentry"],"acf":[],"yoast_head":"<!-- This site is optimized with the Yoast SEO plugin v26.2 - https:\/\/yoast.com\/wordpress\/plugins\/seo\/ -->\n<title>Projeler<\/title>\n<meta name=\"description\" content=\"\u0130\u00e7 Mimari alan\u0131nda modern \u00e7a\u011f\u0131n estetik anlay\u0131\u015f\u0131n\u0131, sanatla i\u00e7 i\u00e7e bulu\u015ftururken s\u00fcrd\u00fcr\u00fclebilir, yenilik\u00e7i ve \u00f6zg\u00fcn bir ifade ile kendinizi i\u00e7inde en iyi hissettiren konsept tasar\u0131mlar geli\u015ftiriyoruz.\" \/>\n<meta name=\"robots\" content=\"index, follow, max-snippet:-1, max-image-preview:large, max-video-preview:-1\" \/>\n<link rel=\"canonical\" href=\"https:\/\/www.armeda.com.tr\/tr\/ic-mimarlik-projeleri\/\" \/>\n<meta property=\"og:locale\" content=\"tr_TR\" \/>\n<meta property=\"og:locale:alternate\" content=\"en_GB\" \/>\n<meta property=\"og:locale:alternate\" content=\"de_DE\" \/>\n<meta property=\"og:type\" content=\"article\" \/>\n<meta property=\"og:title\" content=\"Projeler\" \/>\n<meta property=\"og:description\" content=\"\u0130\u00e7 Mimari alan\u0131nda modern \u00e7a\u011f\u0131n estetik anlay\u0131\u015f\u0131n\u0131, sanatla i\u00e7 i\u00e7e bulu\u015ftururken s\u00fcrd\u00fcr\u00fclebilir, yenilik\u00e7i ve \u00f6zg\u00fcn bir ifade ile kendinizi i\u00e7inde en iyi hissettiren konsept tasar\u0131mlar geli\u015ftiriyoruz.\" \/>\n<meta property=\"og:url\" content=\"https:\/\/www.armeda.com.tr\/tr\/ic-mimarlik-projeleri\/\" \/>\n<meta property=\"og:site_name\" content=\"Armeda \u0130&ccedil; Mimarl\u0131k\" \/>\n<meta property=\"article:publisher\" content=\"https:\/\/www.facebook.com\/armedaicmimarlik\" \/>\n<meta property=\"article:modified_time\" content=\"2025-04-09T06:18:19+00:00\" \/>\n<meta property=\"og:image\" content=\"https:\/\/www.armeda.com.tr\/wp-content\/uploads\/2018\/06\/landscape1.jpg\" \/>\n\t<meta property=\"og:image:width\" content=\"1600\" \/>\n\t<meta property=\"og:image:height\" content=\"1143\" \/>\n\t<meta property=\"og:image:type\" content=\"image\/jpeg\" \/>\n<meta name=\"twitter:card\" content=\"summary_large_image\" \/>\n<meta name=\"twitter:site\" content=\"@armeda_ic_mim\" \/>\n<meta name=\"twitter:label1\" content=\"Tahmini okuma s\u00fcresi\" \/>\n\t<meta name=\"twitter:data1\" content=\"1 dakika\" \/>\n<script type=\"application\/ld+json\" class=\"yoast-schema-graph\">{\"@context\":\"https:\/\/schema.org\",\"@graph\":[{\"@type\":\"WebPage\",\"@id\":\"https:\/\/www.armeda.com.tr\/tr\/ic-mimarlik-projeleri\/\",\"url\":\"https:\/\/www.armeda.com.tr\/tr\/ic-mimarlik-projeleri\/\",\"name\":\"Projeler\",\"isPartOf\":{\"@id\":\"https:\/\/www.armeda.com.tr\/#website\"},\"primaryImageOfPage\":{\"@id\":\"https:\/\/www.armeda.com.tr\/tr\/ic-mimarlik-projeleri\/#primaryimage\"},\"image\":{\"@id\":\"https:\/\/www.armeda.com.tr\/tr\/ic-mimarlik-projeleri\/#primaryimage\"},\"thumbnailUrl\":\"https:\/\/www.armeda.com.tr\/wp-content\/uploads\/2018\/06\/landscape1.jpg\",\"datePublished\":\"2018-03-16T17:18:26+00:00\",\"dateModified\":\"2025-04-09T06:18:19+00:00\",\"description\":\"\u0130\u00e7 Mimari alan\u0131nda modern \u00e7a\u011f\u0131n estetik anlay\u0131\u015f\u0131n\u0131, sanatla i\u00e7 i\u00e7e bulu\u015ftururken s\u00fcrd\u00fcr\u00fclebilir, yenilik\u00e7i ve \u00f6zg\u00fcn bir ifade ile kendinizi i\u00e7inde en iyi hissettiren konsept tasar\u0131mlar geli\u015ftiriyoruz.\",\"breadcrumb\":{\"@id\":\"https:\/\/www.armeda.com.tr\/tr\/ic-mimarlik-projeleri\/#breadcrumb\"},\"inLanguage\":\"tr-TR\",\"potentialAction\":[{\"@type\":\"ReadAction\",\"target\":[\"https:\/\/www.armeda.com.tr\/tr\/ic-mimarlik-projeleri\/\"]}]},{\"@type\":\"ImageObject\",\"inLanguage\":\"tr-TR\",\"@id\":\"https:\/\/www.armeda.com.tr\/tr\/ic-mimarlik-projeleri\/#primaryimage\",\"url\":\"https:\/\/www.armeda.com.tr\/wp-content\/uploads\/2018\/06\/landscape1.jpg\",\"contentUrl\":\"https:\/\/www.armeda.com.tr\/wp-content\/uploads\/2018\/06\/landscape1.jpg\",\"width\":1600,\"height\":1143},{\"@type\":\"BreadcrumbList\",\"@id\":\"https:\/\/www.armeda.com.tr\/tr\/ic-mimarlik-projeleri\/#breadcrumb\",\"itemListElement\":[{\"@type\":\"ListItem\",\"position\":1,\"name\":\"Ana sayfa\",\"item\":\"https:\/\/www.armeda.com.tr\/tr\/\"},{\"@type\":\"ListItem\",\"position\":2,\"name\":\"Projeler\"}]},{\"@type\":\"WebSite\",\"@id\":\"https:\/\/www.armeda.com.tr\/#website\",\"url\":\"https:\/\/www.armeda.com.tr\/\",\"name\":\"Armeda \u0130&ccedil; Mimarl\u0131k\",\"description\":\"\u0130&ccedil; Dekorasyon ve Konsept Tasar\u0131m Projeleri\",\"publisher\":{\"@id\":\"https:\/\/www.armeda.com.tr\/#organization\"},\"potentialAction\":[{\"@type\":\"SearchAction\",\"target\":{\"@type\":\"EntryPoint\",\"urlTemplate\":\"https:\/\/www.armeda.com.tr\/?s={search_term_string}\"},\"query-input\":{\"@type\":\"PropertyValueSpecification\",\"valueRequired\":true,\"valueName\":\"search_term_string\"}}],\"inLanguage\":\"tr-TR\"},{\"@type\":\"Organization\",\"@id\":\"https:\/\/www.armeda.com.tr\/#organization\",\"name\":\"Armeda \u0130\u00e7 Mimarl\u0131k Ofisi\",\"url\":\"https:\/\/www.armeda.com.tr\/\",\"logo\":{\"@type\":\"ImageObject\",\"inLanguage\":\"tr-TR\",\"@id\":\"https:\/\/www.armeda.com.tr\/#\/schema\/logo\/image\/\",\"url\":\"https:\/\/www.armeda.com.tr\/wp-content\/uploads\/2020\/04\/armedaLogo-01.png\",\"contentUrl\":\"https:\/\/www.armeda.com.tr\/wp-content\/uploads\/2020\/04\/armedaLogo-01.png\",\"width\":4167,\"height\":1126,\"caption\":\"Armeda \u0130\u00e7 Mimarl\u0131k Ofisi\"},\"image\":{\"@id\":\"https:\/\/www.armeda.com.tr\/#\/schema\/logo\/image\/\"},\"sameAs\":[\"https:\/\/www.facebook.com\/armedaicmimarlik\",\"https:\/\/x.com\/armeda_ic_mim\",\"https:\/\/www.instagram.com\/armedaicmimarlik\/\",\"https:\/\/www.linkedin.com\/company\/armeda-ic-mimarl\u0131k\/\",\"https:\/\/tr.pinterest.com\/armedaicmimarlik\/\",\"https:\/\/www.youtube.com\/channel\/UCbJk00ySzF1IF4mopBDpApQ\"]}]}<\/script>\n<!-- \/ Yoast SEO plugin. -->","yoast_head_json":{"title":"Projeler","description":"\u0130\u00e7 Mimari alan\u0131nda modern \u00e7a\u011f\u0131n estetik anlay\u0131\u015f\u0131n\u0131, sanatla i\u00e7 i\u00e7e bulu\u015ftururken s\u00fcrd\u00fcr\u00fclebilir, yenilik\u00e7i ve \u00f6zg\u00fcn bir ifade ile kendinizi i\u00e7inde en iyi hissettiren konsept tasar\u0131mlar geli\u015ftiriyoruz.","robots":{"index":"index","follow":"follow","max-snippet":"max-snippet:-1","max-image-preview":"max-image-preview:large","max-video-preview":"max-video-preview:-1"},"canonical":"https:\/\/www.armeda.com.tr\/tr\/ic-mimarlik-projeleri\/","og_locale":"tr_TR","og_type":"article","og_title":"[:tr]Projeler[:en]Projects[:de]PROJEKTE[:] | Armeda \u0130&ccedil; Mimarl\u0131k","og_description":"\u0130\u00e7 Mimari alan\u0131nda modern \u00e7a\u011f\u0131n estetik anlay\u0131\u015f\u0131n\u0131, sanatla i\u00e7 i\u00e7e bulu\u015ftururken s\u00fcrd\u00fcr\u00fclebilir, yenilik\u00e7i ve \u00f6zg\u00fcn bir ifade ile kendinizi i\u00e7inde en iyi hissettiren konsept tasar\u0131mlar geli\u015ftiriyoruz.","og_url":"https:\/\/www.armeda.com.tr\/tr\/ic-mimarlik-projeleri\/","og_site_name":"Armeda \u0130&ccedil; Mimarl\u0131k","article_publisher":"https:\/\/www.facebook.com\/armedaicmimarlik","article_modified_time":"2025-04-09T06:18:19+00:00","og_image":[{"width":1600,"height":1143,"url":"https:\/\/www.armeda.com.tr\/wp-content\/uploads\/2018\/06\/landscape1.jpg","type":"image\/jpeg"}],"twitter_card":"summary_large_image","twitter_site":"@armeda_ic_mim","twitter_misc":{"Tahmini okuma s\u00fcresi":"1 dakika"},"schema":{"@context":"https:\/\/schema.org","@graph":[{"@type":"WebPage","@id":"https:\/\/www.armeda.com.tr\/tr\/ic-mimarlik-projeleri\/","url":"https:\/\/www.armeda.com.tr\/tr\/ic-mimarlik-projeleri\/","name":"Projeler","isPartOf":{"@id":"https:\/\/www.armeda.com.tr\/#website"},"primaryImageOfPage":{"@id":"https:\/\/www.armeda.com.tr\/tr\/ic-mimarlik-projeleri\/#primaryimage"},"image":{"@id":"https:\/\/www.armeda.com.tr\/tr\/ic-mimarlik-projeleri\/#primaryimage"},"thumbnailUrl":"https:\/\/www.armeda.com.tr\/wp-content\/uploads\/2018\/06\/landscape1.jpg","datePublished":"2018-03-16T17:18:26+00:00","dateModified":"2025-04-09T06:18:19+00:00","description":"\u0130\u00e7 Mimari alan\u0131nda modern \u00e7a\u011f\u0131n estetik anlay\u0131\u015f\u0131n\u0131, sanatla i\u00e7 i\u00e7e bulu\u015ftururken s\u00fcrd\u00fcr\u00fclebilir, yenilik\u00e7i ve \u00f6zg\u00fcn bir ifade ile kendinizi i\u00e7inde en iyi hissettiren konsept tasar\u0131mlar geli\u015ftiriyoruz.","breadcrumb":{"@id":"https:\/\/www.armeda.com.tr\/tr\/ic-mimarlik-projeleri\/#breadcrumb"},"inLanguage":"tr-TR","potentialAction":[{"@type":"ReadAction","target":["https:\/\/www.armeda.com.tr\/tr\/ic-mimarlik-projeleri\/"]}]},{"@type":"ImageObject","inLanguage":"tr-TR","@id":"https:\/\/www.armeda.com.tr\/tr\/ic-mimarlik-projeleri\/#primaryimage","url":"https:\/\/www.armeda.com.tr\/wp-content\/uploads\/2018\/06\/landscape1.jpg","contentUrl":"https:\/\/www.armeda.com.tr\/wp-content\/uploads\/2018\/06\/landscape1.jpg","width":1600,"height":1143},{"@type":"BreadcrumbList","@id":"https:\/\/www.armeda.com.tr\/tr\/ic-mimarlik-projeleri\/#breadcrumb","itemListElement":[{"@type":"ListItem","position":1,"name":"Ana sayfa","item":"https:\/\/www.armeda.com.tr\/tr\/"},{"@type":"ListItem","position":2,"name":"Projeler"}]},{"@type":"WebSite","@id":"https:\/\/www.armeda.com.tr\/#website","url":"https:\/\/www.armeda.com.tr\/","name":"Armeda \u0130&ccedil; Mimarl\u0131k","description":"\u0130&ccedil; Dekorasyon ve Konsept Tasar\u0131m Projeleri","publisher":{"@id":"https:\/\/www.armeda.com.tr\/#organization"},"potentialAction":[{"@type":"SearchAction","target":{"@type":"EntryPoint","urlTemplate":"https:\/\/www.armeda.com.tr\/?s={search_term_string}"},"query-input":{"@type":"PropertyValueSpecification","valueRequired":true,"valueName":"search_term_string"}}],"inLanguage":"tr-TR"},{"@type":"Organization","@id":"https:\/\/www.armeda.com.tr\/#organization","name":"Armeda \u0130\u00e7 Mimarl\u0131k Ofisi","url":"https:\/\/www.armeda.com.tr\/","logo":{"@type":"ImageObject","inLanguage":"tr-TR","@id":"https:\/\/www.armeda.com.tr\/#\/schema\/logo\/image\/","url":"https:\/\/www.armeda.com.tr\/wp-content\/uploads\/2020\/04\/armedaLogo-01.png","contentUrl":"https:\/\/www.armeda.com.tr\/wp-content\/uploads\/2020\/04\/armedaLogo-01.png","width":4167,"height":1126,"caption":"Armeda \u0130\u00e7 Mimarl\u0131k Ofisi"},"image":{"@id":"https:\/\/www.armeda.com.tr\/#\/schema\/logo\/image\/"},"sameAs":["https:\/\/www.facebook.com\/armedaicmimarlik","https:\/\/x.com\/armeda_ic_mim","https:\/\/www.instagram.com\/armedaicmimarlik\/","https:\/\/www.linkedin.com\/company\/armeda-ic-mimarl\u0131k\/","https:\/\/tr.pinterest.com\/armedaicmimarlik\/","https:\/\/www.youtube.com\/channel\/UCbJk00ySzF1IF4mopBDpApQ"]}]}},"_links":{"self":[{"href":"https:\/\/www.armeda.com.tr\/tr\/wp-json\/wp\/v2\/pages\/3283","targetHints":{"allow":["GET"]}}],"collection":[{"href":"https:\/\/www.armeda.com.tr\/tr\/wp-json\/wp\/v2\/pages"}],"about":[{"href":"https:\/\/www.armeda.com.tr\/tr\/wp-json\/wp\/v2\/types\/page"}],"author":[{"embeddable":true,"href":"https:\/\/www.armeda.com.tr\/tr\/wp-json\/wp\/v2\/users\/2"}],"replies":[{"embeddable":true,"href":"https:\/\/www.armeda.com.tr\/tr\/wp-json\/wp\/v2\/comments?post=3283"}],"version-history":[{"count":41,"href":"https:\/\/www.armeda.com.tr\/tr\/wp-json\/wp\/v2\/pages\/3283\/revisions"}],"predecessor-version":[{"id":8804,"href":"https:\/\/www.armeda.com.tr\/tr\/wp-json\/wp\/v2\/pages\/3283\/revisions\/8804"}],"wp:featuredmedia":[{"embeddable":true,"href":"https:\/\/www.armeda.com.tr\/tr\/wp-json\/wp\/v2\/media\/4625"}],"wp:attachment":[{"href":"https:\/\/www.armeda.com.tr\/tr\/wp-json\/wp\/v2\/media?parent=3283"}],"curies":[{"name":"wp","href":"https:\/\/api.w.org\/{rel}","templated":true}]}}