{"id":2261,"date":"2018-03-12T16:17:44","date_gmt":"2018-03-12T16:17:44","guid":{"rendered":"http:\/\/demo-content.kaliumtheme.com\/architecture\/?page_id=2261"},"modified":"2025-04-10T00:28:42","modified_gmt":"2025-04-09T21:28:42","slug":"iletisim","status":"publish","type":"page","link":"https:\/\/www.armeda.com.tr\/tr\/iletisim\/","title":{"rendered":"\u0130leti\u015fim"},"content":{"rendered":"<div class=\"wpb-content-wrapper\"><p>[vc_row full_width=&#8221;stretch_row_content&#8221; full_height=&#8221;yes&#8221; columns_placement=&#8221;stretch&#8221; no_bottom_margin=&#8221;yes&#8221; css=&#8221;.vc_custom_1690215751204{margin-bottom: 0px !important;padding-bottom: 0px !important;}&#8221;][vc_column reveal_effect=&#8221;fadeIn&#8221; reveal_duration=&#8221;0.1&#8243; reveal_delay=&#8221;0.1&#8243; css=&#8221;.vc_custom_1427991938000{margin-bottom: 0px !important;padding-bottom: 0px !important;}&#8221;][vc_column_text]<iframe loading=\"lazy\" style=\"border: 0;\" src=\"https:\/\/www.google.com\/maps\/embed?pb=!1m18!1m12!1m3!1d3015.005206467565!2d29.1990423756599!3d40.915631725124975!2m3!1f0!2f0!3f0!3m2!1i1024!2i768!4f13.1!3m3!1m2!1s0x14cac5be66ce0e2f%3A0x30e5e36b624d7a44!2zQXJtZWRhIMSww6cgTWltYXJsxLFrIE9maXNp!5e0!3m2!1sen!2str!4v1697527996453!5m2!1sen!2str\" width=\"100%\" height=\"350\" frameborder=\"0\" allowfullscreen=\"allowfullscreen\"><span style=\"display: inline-block; width: 0px; overflow: hidden; line-height: 0;\" data-mce-type=\"bookmark\" class=\"mce_SELRES_start\">\ufeff<\/span><span style=\"display: inline-block; width: 0px; overflow: hidden; line-height: 0;\" data-mce-type=\"bookmark\" class=\"mce_SELRES_start\">\ufeff<\/span><\/iframe>[\/vc_column_text][vc_custom_heading text=&#8221;armeda@armeda.com.tr&#8221; font_container=&#8221;tag:p|font_size:22|text_align:center|color:%23dd3333&#8243; google_fonts=&#8221;font_family:Raleway%3A100%2C200%2C300%2Cregular%2C500%2C600%2C700%2C800%2C900|font_style:500%20bold%20regular%3A500%3Anormal&#8221; css=&#8221;&#8221;][vc_custom_heading text=&#8221;+90 216 377 55 61&#8243; font_container=&#8221;tag:p|font_size:32|text_align:center|color:%23dd3333&#8243; google_fonts=&#8221;font_family:Raleway%3A100%2C200%2C300%2Cregular%2C500%2C600%2C700%2C800%2C900|font_style:500%20bold%20regular%3A500%3Anormal&#8221; css=&#8221;&#8221;][vc_single_image image=&#8221;6011&#8243; alignment=&#8221;center&#8221; css=&#8221;.vc_custom_1691037701723{margin-top: 25px !important;margin-bottom: 25px !important;}&#8221;][vc_custom_heading text=&#8221;Bilgilendirme ve istekleriniz i\u00e7in a\u015fa\u011f\u0131daki formlardan bizimle irtibat kurabilirsiniz. Mesajlar\u0131n\u0131za en k\u0131sa zamanda yan\u0131t verece\u011fiz.&#8221; font_container=&#8221;tag:p|font_size:22|text_align:center&#8221; google_fonts=&#8221;font_family:Raleway%3A100%2C200%2C300%2Cregular%2C500%2C600%2C700%2C800%2C900|font_style:400%20regular%3A400%3Anormal&#8221;][\/vc_column][\/vc_row][vc_row el_class=&#8221;contact-row&#8221;][vc_column width=&#8221;1\/2&#8243; reveal_effect=&#8221;fadeIn&#8221; reveal_duration=&#8221;1&#8243; reveal_delay=&#8221;0.3&#8243;][vc_row_inner][vc_column_inner width=&#8221;1\/4&#8243;][vc_column_text css=&#8221;.vc_custom_1744234092244{margin-bottom: 15px !important;}&#8221;]<\/p>\n<h3><span style=\"font-family: Rajdhani; font-size: 22px;\">T\u00fcrkiye<\/span><\/h3>\n<p>[\/vc_column_text][\/vc_column_inner][vc_column_inner width=&#8221;2\/4&#8243;][vc_column_text css=&#8221;.vc_custom_1586180787923{margin-bottom: 0px !important;}&#8221;]G\u00fcm\u00fc\u015fp\u0131nar Mahallesi Ada\u00e7ay\u0131 Sokak No:5 D:1 34880 Kartal \/ \u0130stanbul &#8211; TR<\/p>\n<p>E-Posta: <a href=\"mailto:armeda@armeda.com.tr?subject=Hello\">armeda@armeda.com.tr<\/a><\/p>\n<p>Telefon:\u00a0 <a href=\"tel:+902163775561\">+90 216 377 55 61<\/a>[\/vc_column_text][\/vc_column_inner][vc_column_inner width=&#8221;1\/4&#8243;][\/vc_column_inner][\/vc_row_inner][vc_empty_space][vc_row_inner][vc_column_inner width=&#8221;1\/4&#8243;][vc_column_text css=&#8221;.vc_custom_1744234115626{margin-bottom: 15px !important;}&#8221;]<\/p>\n<h3><span style=\"font-family: Rajdhani; font-size: 22px;\">Almanya<\/span><\/h3>\n<p>[\/vc_column_text][\/vc_column_inner][vc_column_inner width=&#8221;2\/4&#8243;][vc_column_text]Teknogon GmbH<br \/>\nGottlieb-Daimler-Strasse 14<br \/>\n68165 Mannheim<\/p>\n<p>Telefon: <a href=\"tel:+4906213214540\">+49 (0) 621 \/ 321 45 40<\/a>[\/vc_column_text][\/vc_column_inner][vc_column_inner width=&#8221;1\/4&#8243;][\/vc_column_inner][\/vc_row_inner][\/vc_column][vc_column width=&#8221;1\/2&#8243;][lab_contact_form name_title=&#8221;\u0130sim&#8221; email_title=&#8221;E-Posta&#8221; message_title=&#8221;Mesaj&#8221; show_subject_field=&#8221;&#8221; submit_title=&#8221;G\u00f6nder&#8221; submit_success=&#8221;Te\u015fekk\u00fcrler #, mesaj\u0131n ba\u015far\u0131yla iletildi!&#8221; alert_errors=&#8221;yes&#8221; email_receiver=&#8221;armeda@armeda.com.tr&#8221;][\/vc_column][\/vc_row]<\/p>\n<\/div>","protected":false},"excerpt":{"rendered":"<p>[vc_row full_width=&#8221;stretch_row_content&#8221; full_height=&#8221;yes&#8221; columns_placement=&#8221;stretch&#8221; no_bottom_margin=&#8221;yes&#8221; css=&#8221;.vc_custom_1690215751204{margin-bottom: 0px !important;padding-bottom: 0px !important;}&#8221;][vc_column reveal_effect=&#8221;fadeIn&#8221; reveal_duration=&#8221;0.1&#8243; reveal_delay=&#8221;0.1&#8243; css=&#8221;.vc_custom_1427991938000{margin-bottom: 0px !important;padding-bottom: 0px !important;}&#8221;][vc_column_text]\ufeff\ufeff[\/vc_column_text][vc_custom_heading text=&#8221;armeda@armeda.com.tr&#8221; font_container=&#8221;tag:p|font_size:22|text_align:center|color:%23dd3333&#8243; google_fonts=&#8221;font_family:Raleway%3A100%2C200%2C300%2Cregular%2C500%2C600%2C700%2C800%2C900|font_style:500%20bold%20regular%3A500%3Anormal&#8221; css=&#8221;&#8221;][vc_custom_heading text=&#8221;+90 216 377 55 61&#8243; font_container=&#8221;tag:p|font_size:32|text_align:center|color:%23dd3333&#8243; google_fonts=&#8221;font_family:Raleway%3A100%2C200%2C300%2Cregular%2C500%2C600%2C700%2C800%2C900|font_style:500%20bold%20regular%3A500%3Anormal&#8221; css=&#8221;&#8221;][vc_single_image image=&#8221;6011&#8243; alignment=&#8221;center&#8221; css=&#8221;.vc_custom_1691037701723{margin-top: 25px !important;margin-bottom: 25px !important;}&#8221;][vc_custom_heading text=&#8221;Bilgilendirme ve istekleriniz i\u00e7in a\u015fa\u011f\u0131daki formlardan bizimle irtibat kurabilirsiniz. Mesajlar\u0131n\u0131za en k\u0131sa zamanda yan\u0131t verece\u011fiz.&#8221; font_container=&#8221;tag:p|font_size:22|text_align:center&#8221; google_fonts=&#8221;font_family:Raleway%3A100%2C200%2C300%2Cregular%2C500%2C600%2C700%2C800%2C900|font_style:400%20regular%3A400%3Anormal&#8221;][\/vc_column][\/vc_row][vc_row el_class=&#8221;contact-row&#8221;][vc_column&hellip;<\/p>\n","protected":false},"author":2,"featured_media":4630,"parent":0,"menu_order":0,"comment_status":"closed","ping_status":"closed","template":"","meta":{"_acf_changed":false,"footnotes":""},"class_list":["post-2261","page","type-page","status-publish","has-post-thumbnail","hentry"],"acf":[],"yoast_head":"<!-- This site is optimized with the Yoast SEO plugin v26.2 - https:\/\/yoast.com\/wordpress\/plugins\/seo\/ -->\n<title>\u0130leti\u015fim<\/title>\n<meta name=\"description\" content=\"\u0130\u00e7 Mimari alan\u0131nda modern \u00e7a\u011f\u0131n estetik anlay\u0131\u015f\u0131n\u0131, sanatla i\u00e7 i\u00e7e bulu\u015ftururken s\u00fcrd\u00fcr\u00fclebilir, yenilik\u00e7i ve \u00f6zg\u00fcn bir ifade ile kendinizi i\u00e7inde en iyi hissettiren konsept tasar\u0131mlar geli\u015ftiriyoruz.\" \/>\n<meta name=\"robots\" content=\"index, follow, max-snippet:-1, max-image-preview:large, max-video-preview:-1\" \/>\n<link rel=\"canonical\" href=\"https:\/\/www.armeda.com.tr\/tr\/iletisim\/\" \/>\n<meta property=\"og:locale\" content=\"tr_TR\" \/>\n<meta property=\"og:locale:alternate\" content=\"en_GB\" \/>\n<meta property=\"og:locale:alternate\" content=\"de_DE\" \/>\n<meta property=\"og:type\" content=\"article\" \/>\n<meta property=\"og:title\" content=\"\u0130leti\u015fim\" \/>\n<meta property=\"og:description\" content=\"\u0130\u00e7 Mimari alan\u0131nda modern \u00e7a\u011f\u0131n estetik anlay\u0131\u015f\u0131n\u0131, sanatla i\u00e7 i\u00e7e bulu\u015ftururken s\u00fcrd\u00fcr\u00fclebilir, yenilik\u00e7i ve \u00f6zg\u00fcn bir ifade ile kendinizi i\u00e7inde en iyi hissettiren konsept tasar\u0131mlar geli\u015ftiriyoruz.\" \/>\n<meta property=\"og:url\" content=\"https:\/\/www.armeda.com.tr\/tr\/iletisim\/\" \/>\n<meta property=\"og:site_name\" content=\"Armeda \u0130&ccedil; Mimarl\u0131k\" \/>\n<meta property=\"article:publisher\" content=\"https:\/\/www.facebook.com\/armedaicmimarlik\" \/>\n<meta property=\"article:modified_time\" content=\"2025-04-09T21:28:42+00:00\" \/>\n<meta property=\"og:image\" content=\"https:\/\/www.armeda.com.tr\/wp-content\/uploads\/2018\/06\/landscape6.jpg\" \/>\n\t<meta property=\"og:image:width\" content=\"1600\" \/>\n\t<meta property=\"og:image:height\" content=\"1143\" \/>\n\t<meta property=\"og:image:type\" content=\"image\/jpeg\" \/>\n<meta name=\"twitter:card\" content=\"summary_large_image\" \/>\n<meta name=\"twitter:site\" content=\"@armeda_ic_mim\" \/>\n<meta name=\"twitter:label1\" content=\"Tahmini okuma s\u00fcresi\" \/>\n\t<meta name=\"twitter:data1\" content=\"2 dakika\" \/>\n<script type=\"application\/ld+json\" class=\"yoast-schema-graph\">{\"@context\":\"https:\/\/schema.org\",\"@graph\":[{\"@type\":\"WebPage\",\"@id\":\"https:\/\/www.armeda.com.tr\/tr\/iletisim\/\",\"url\":\"https:\/\/www.armeda.com.tr\/tr\/iletisim\/\",\"name\":\"\u0130leti\u015fim\",\"isPartOf\":{\"@id\":\"https:\/\/www.armeda.com.tr\/#website\"},\"primaryImageOfPage\":{\"@id\":\"https:\/\/www.armeda.com.tr\/tr\/iletisim\/#primaryimage\"},\"image\":{\"@id\":\"https:\/\/www.armeda.com.tr\/tr\/iletisim\/#primaryimage\"},\"thumbnailUrl\":\"https:\/\/www.armeda.com.tr\/wp-content\/uploads\/2018\/06\/landscape6.jpg\",\"datePublished\":\"2018-03-12T16:17:44+00:00\",\"dateModified\":\"2025-04-09T21:28:42+00:00\",\"description\":\"\u0130\u00e7 Mimari alan\u0131nda modern \u00e7a\u011f\u0131n estetik anlay\u0131\u015f\u0131n\u0131, sanatla i\u00e7 i\u00e7e bulu\u015ftururken s\u00fcrd\u00fcr\u00fclebilir, yenilik\u00e7i ve \u00f6zg\u00fcn bir ifade ile kendinizi i\u00e7inde en iyi hissettiren konsept tasar\u0131mlar geli\u015ftiriyoruz.\",\"breadcrumb\":{\"@id\":\"https:\/\/www.armeda.com.tr\/tr\/iletisim\/#breadcrumb\"},\"inLanguage\":\"tr-TR\",\"potentialAction\":[{\"@type\":\"ReadAction\",\"target\":[\"https:\/\/www.armeda.com.tr\/tr\/iletisim\/\"]}]},{\"@type\":\"ImageObject\",\"inLanguage\":\"tr-TR\",\"@id\":\"https:\/\/www.armeda.com.tr\/tr\/iletisim\/#primaryimage\",\"url\":\"https:\/\/www.armeda.com.tr\/wp-content\/uploads\/2018\/06\/landscape6.jpg\",\"contentUrl\":\"https:\/\/www.armeda.com.tr\/wp-content\/uploads\/2018\/06\/landscape6.jpg\",\"width\":1600,\"height\":1143},{\"@type\":\"BreadcrumbList\",\"@id\":\"https:\/\/www.armeda.com.tr\/tr\/iletisim\/#breadcrumb\",\"itemListElement\":[{\"@type\":\"ListItem\",\"position\":1,\"name\":\"Ana sayfa\",\"item\":\"https:\/\/www.armeda.com.tr\/tr\/\"},{\"@type\":\"ListItem\",\"position\":2,\"name\":\"\u0130leti\u015fim\"}]},{\"@type\":\"WebSite\",\"@id\":\"https:\/\/www.armeda.com.tr\/#website\",\"url\":\"https:\/\/www.armeda.com.tr\/\",\"name\":\"Armeda \u0130&ccedil; Mimarl\u0131k\",\"description\":\"\u0130&ccedil; Dekorasyon ve Konsept Tasar\u0131m Projeleri\",\"publisher\":{\"@id\":\"https:\/\/www.armeda.com.tr\/#organization\"},\"potentialAction\":[{\"@type\":\"SearchAction\",\"target\":{\"@type\":\"EntryPoint\",\"urlTemplate\":\"https:\/\/www.armeda.com.tr\/?s={search_term_string}\"},\"query-input\":{\"@type\":\"PropertyValueSpecification\",\"valueRequired\":true,\"valueName\":\"search_term_string\"}}],\"inLanguage\":\"tr-TR\"},{\"@type\":\"Organization\",\"@id\":\"https:\/\/www.armeda.com.tr\/#organization\",\"name\":\"Armeda \u0130\u00e7 Mimarl\u0131k Ofisi\",\"url\":\"https:\/\/www.armeda.com.tr\/\",\"logo\":{\"@type\":\"ImageObject\",\"inLanguage\":\"tr-TR\",\"@id\":\"https:\/\/www.armeda.com.tr\/#\/schema\/logo\/image\/\",\"url\":\"https:\/\/www.armeda.com.tr\/wp-content\/uploads\/2020\/04\/armedaLogo-01.png\",\"contentUrl\":\"https:\/\/www.armeda.com.tr\/wp-content\/uploads\/2020\/04\/armedaLogo-01.png\",\"width\":4167,\"height\":1126,\"caption\":\"Armeda \u0130\u00e7 Mimarl\u0131k Ofisi\"},\"image\":{\"@id\":\"https:\/\/www.armeda.com.tr\/#\/schema\/logo\/image\/\"},\"sameAs\":[\"https:\/\/www.facebook.com\/armedaicmimarlik\",\"https:\/\/x.com\/armeda_ic_mim\",\"https:\/\/www.instagram.com\/armedaicmimarlik\/\",\"https:\/\/www.linkedin.com\/company\/armeda-ic-mimarl\u0131k\/\",\"https:\/\/tr.pinterest.com\/armedaicmimarlik\/\",\"https:\/\/www.youtube.com\/channel\/UCbJk00ySzF1IF4mopBDpApQ\"]}]}<\/script>\n<!-- \/ Yoast SEO plugin. -->","yoast_head_json":{"title":"\u0130leti\u015fim","description":"\u0130\u00e7 Mimari alan\u0131nda modern \u00e7a\u011f\u0131n estetik anlay\u0131\u015f\u0131n\u0131, sanatla i\u00e7 i\u00e7e bulu\u015ftururken s\u00fcrd\u00fcr\u00fclebilir, yenilik\u00e7i ve \u00f6zg\u00fcn bir ifade ile kendinizi i\u00e7inde en iyi hissettiren konsept tasar\u0131mlar geli\u015ftiriyoruz.","robots":{"index":"index","follow":"follow","max-snippet":"max-snippet:-1","max-image-preview":"max-image-preview:large","max-video-preview":"max-video-preview:-1"},"canonical":"https:\/\/www.armeda.com.tr\/tr\/iletisim\/","og_locale":"tr_TR","og_type":"article","og_title":"[:tr]\u0130leti\u015fim[:en]Contact[:de]KONTAKT[:] | Armeda \u0130&ccedil; Mimarl\u0131k","og_description":"\u0130\u00e7 Mimari alan\u0131nda modern \u00e7a\u011f\u0131n estetik anlay\u0131\u015f\u0131n\u0131, sanatla i\u00e7 i\u00e7e bulu\u015ftururken s\u00fcrd\u00fcr\u00fclebilir, yenilik\u00e7i ve \u00f6zg\u00fcn bir ifade ile kendinizi i\u00e7inde en iyi hissettiren konsept tasar\u0131mlar geli\u015ftiriyoruz.","og_url":"https:\/\/www.armeda.com.tr\/tr\/iletisim\/","og_site_name":"Armeda \u0130&ccedil; Mimarl\u0131k","article_publisher":"https:\/\/www.facebook.com\/armedaicmimarlik","article_modified_time":"2025-04-09T21:28:42+00:00","og_image":[{"width":1600,"height":1143,"url":"https:\/\/www.armeda.com.tr\/wp-content\/uploads\/2018\/06\/landscape6.jpg","type":"image\/jpeg"}],"twitter_card":"summary_large_image","twitter_site":"@armeda_ic_mim","twitter_misc":{"Tahmini okuma s\u00fcresi":"2 dakika"},"schema":{"@context":"https:\/\/schema.org","@graph":[{"@type":"WebPage","@id":"https:\/\/www.armeda.com.tr\/tr\/iletisim\/","url":"https:\/\/www.armeda.com.tr\/tr\/iletisim\/","name":"\u0130leti\u015fim","isPartOf":{"@id":"https:\/\/www.armeda.com.tr\/#website"},"primaryImageOfPage":{"@id":"https:\/\/www.armeda.com.tr\/tr\/iletisim\/#primaryimage"},"image":{"@id":"https:\/\/www.armeda.com.tr\/tr\/iletisim\/#primaryimage"},"thumbnailUrl":"https:\/\/www.armeda.com.tr\/wp-content\/uploads\/2018\/06\/landscape6.jpg","datePublished":"2018-03-12T16:17:44+00:00","dateModified":"2025-04-09T21:28:42+00:00","description":"\u0130\u00e7 Mimari alan\u0131nda modern \u00e7a\u011f\u0131n estetik anlay\u0131\u015f\u0131n\u0131, sanatla i\u00e7 i\u00e7e bulu\u015ftururken s\u00fcrd\u00fcr\u00fclebilir, yenilik\u00e7i ve \u00f6zg\u00fcn bir ifade ile kendinizi i\u00e7inde en iyi hissettiren konsept tasar\u0131mlar geli\u015ftiriyoruz.","breadcrumb":{"@id":"https:\/\/www.armeda.com.tr\/tr\/iletisim\/#breadcrumb"},"inLanguage":"tr-TR","potentialAction":[{"@type":"ReadAction","target":["https:\/\/www.armeda.com.tr\/tr\/iletisim\/"]}]},{"@type":"ImageObject","inLanguage":"tr-TR","@id":"https:\/\/www.armeda.com.tr\/tr\/iletisim\/#primaryimage","url":"https:\/\/www.armeda.com.tr\/wp-content\/uploads\/2018\/06\/landscape6.jpg","contentUrl":"https:\/\/www.armeda.com.tr\/wp-content\/uploads\/2018\/06\/landscape6.jpg","width":1600,"height":1143},{"@type":"BreadcrumbList","@id":"https:\/\/www.armeda.com.tr\/tr\/iletisim\/#breadcrumb","itemListElement":[{"@type":"ListItem","position":1,"name":"Ana sayfa","item":"https:\/\/www.armeda.com.tr\/tr\/"},{"@type":"ListItem","position":2,"name":"\u0130leti\u015fim"}]},{"@type":"WebSite","@id":"https:\/\/www.armeda.com.tr\/#website","url":"https:\/\/www.armeda.com.tr\/","name":"Armeda \u0130&ccedil; Mimarl\u0131k","description":"\u0130&ccedil; Dekorasyon ve Konsept Tasar\u0131m Projeleri","publisher":{"@id":"https:\/\/www.armeda.com.tr\/#organization"},"potentialAction":[{"@type":"SearchAction","target":{"@type":"EntryPoint","urlTemplate":"https:\/\/www.armeda.com.tr\/?s={search_term_string}"},"query-input":{"@type":"PropertyValueSpecification","valueRequired":true,"valueName":"search_term_string"}}],"inLanguage":"tr-TR"},{"@type":"Organization","@id":"https:\/\/www.armeda.com.tr\/#organization","name":"Armeda \u0130\u00e7 Mimarl\u0131k Ofisi","url":"https:\/\/www.armeda.com.tr\/","logo":{"@type":"ImageObject","inLanguage":"tr-TR","@id":"https:\/\/www.armeda.com.tr\/#\/schema\/logo\/image\/","url":"https:\/\/www.armeda.com.tr\/wp-content\/uploads\/2020\/04\/armedaLogo-01.png","contentUrl":"https:\/\/www.armeda.com.tr\/wp-content\/uploads\/2020\/04\/armedaLogo-01.png","width":4167,"height":1126,"caption":"Armeda \u0130\u00e7 Mimarl\u0131k Ofisi"},"image":{"@id":"https:\/\/www.armeda.com.tr\/#\/schema\/logo\/image\/"},"sameAs":["https:\/\/www.facebook.com\/armedaicmimarlik","https:\/\/x.com\/armeda_ic_mim","https:\/\/www.instagram.com\/armedaicmimarlik\/","https:\/\/www.linkedin.com\/company\/armeda-ic-mimarl\u0131k\/","https:\/\/tr.pinterest.com\/armedaicmimarlik\/","https:\/\/www.youtube.com\/channel\/UCbJk00ySzF1IF4mopBDpApQ"]}]}},"_links":{"self":[{"href":"https:\/\/www.armeda.com.tr\/tr\/wp-json\/wp\/v2\/pages\/2261","targetHints":{"allow":["GET"]}}],"collection":[{"href":"https:\/\/www.armeda.com.tr\/tr\/wp-json\/wp\/v2\/pages"}],"about":[{"href":"https:\/\/www.armeda.com.tr\/tr\/wp-json\/wp\/v2\/types\/page"}],"author":[{"embeddable":true,"href":"https:\/\/www.armeda.com.tr\/tr\/wp-json\/wp\/v2\/users\/2"}],"replies":[{"embeddable":true,"href":"https:\/\/www.armeda.com.tr\/tr\/wp-json\/wp\/v2\/comments?post=2261"}],"version-history":[{"count":32,"href":"https:\/\/www.armeda.com.tr\/tr\/wp-json\/wp\/v2\/pages\/2261\/revisions"}],"predecessor-version":[{"id":8948,"href":"https:\/\/www.armeda.com.tr\/tr\/wp-json\/wp\/v2\/pages\/2261\/revisions\/8948"}],"wp:featuredmedia":[{"embeddable":true,"href":"https:\/\/www.armeda.com.tr\/tr\/wp-json\/wp\/v2\/media\/4630"}],"wp:attachment":[{"href":"https:\/\/www.armeda.com.tr\/tr\/wp-json\/wp\/v2\/media?parent=2261"}],"curies":[{"name":"wp","href":"https:\/\/api.w.org\/{rel}","templated":true}]}}