{"id":6003,"date":"2023-03-19T22:17:26","date_gmt":"2023-03-19T19:17:26","guid":{"rendered":"https:\/\/www.armeda.com.tr\/kariyer-4\/"},"modified":"2025-04-09T23:20:02","modified_gmt":"2025-04-09T20:20:02","slug":"kariyer","status":"publish","type":"page","link":"https:\/\/www.armeda.com.tr\/en\/kariyer\/","title":{"rendered":"Career"},"content":{"rendered":"<div class=\"wpb-content-wrapper\"><p>[vc_section][vc_row full_width=&#8221;stretch_row_content&#8221; disable_element=&#8221;yes&#8221;][vc_column][vc_single_image image=&#8221;6171&#8243; img_size=&#8221;full&#8221; alignment=&#8221;center&#8221;][\/vc_column][\/vc_row][vc_row][vc_column css=&#8221;.vc_custom_1691116189282{margin-top: 25px !important;margin-bottom: 25px !important;}&#8221;][vc_custom_heading text=&#8221;Human Resources&#8221; font_container=&#8221;tag:p|font_size:48px|text_align:left|color:%23922829&#8243; google_fonts=&#8221;font_family:Raleway%3A100%2C200%2C300%2Cregular%2C500%2C600%2C700%2C800%2C900|font_style:700%20bold%20regular%3A700%3Anormal&#8221; css=&#8221;&#8221;][\/vc_column][\/vc_row][\/vc_section][vc_section][vc_row][vc_column][\/vc_column][\/vc_row][vc_row full_width=&#8221;stretch_row_content_no_spaces&#8221; equal_height=&#8221;yes&#8221; content_placement=&#8221;top&#8221; css=&#8221;.vc_custom_1691116226230{margin-bottom: 25px !important;}&#8221;][vc_column width=&#8221;1\/5&#8243;][\/vc_column][vc_column width=&#8221;1\/5&#8243;][vc_single_image image=&#8221;6175&#8243; img_size=&#8221;full&#8221;][\/vc_column][vc_column width=&#8221;1\/5&#8243;][vc_single_image image=&#8221;6178&#8243; img_size=&#8221;full&#8221;][\/vc_column][vc_column width=&#8221;1\/5&#8243;][vc_single_image image=&#8221;6176&#8243; img_size=&#8221;full&#8221;][\/vc_column][vc_column width=&#8221;1\/5&#8243;][\/vc_column][\/vc_row][vc_row][vc_column][vc_column_text css=&#8221;&#8221;]<\/p>\n<p style=\"text-align: justify;\"><span style=\"font-family: Raleway; font-size: 16px;\">Armeda holds staff and intern interviews at certain periods. For your job \/ internship applications, you can send an e-mail to armeda@armeda.com.tr or send us your application using the form below.<\/span><\/p>\n<p style=\"text-align: justify;\"><span style=\"font-family: Raleway; font-size: 16px;\">You will be contacted regarding the subject during our personnel recruitment periods.<\/span><\/p>\n<p>[\/vc_column_text][\/vc_column][\/vc_row][\/vc_section][vc_row css=&#8221;.vc_custom_1586172908014{margin-top: 30px !important;}&#8221;][vc_column width=&#8221;1\/2&#8243;][vc_column_text css=&#8221;.vc_custom_1743666379591{margin-bottom: 15px !important;}&#8221; el_class=&#8221;page-title-size&#8221;]<\/p>\n<h2>Job Application Form<\/h2>\n<p>[\/vc_column_text]\n<div class=\"wpcf7 no-js\" id=\"wpcf7-f5287-o1\" lang=\"tr-TR\" dir=\"ltr\" data-wpcf7-id=\"5287\">\n<div class=\"screen-reader-response\"><p role=\"status\" aria-live=\"polite\" aria-atomic=\"true\"><\/p> <ul><\/ul><\/div>\n<form action=\"\/en\/wp-json\/wp\/v2\/pages\/6003#wpcf7-f5287-o1\" method=\"post\" class=\"wpcf7-form init\" aria-label=\"\u0130leti\u015fim Formu\" enctype=\"multipart\/form-data\" novalidate=\"novalidate\" data-status=\"init\">\n<fieldset class=\"hidden-fields-container\"><input type=\"hidden\" name=\"_wpcf7\" value=\"5287\" \/><input type=\"hidden\" name=\"_wpcf7_version\" value=\"6.1.3\" \/><input type=\"hidden\" name=\"_wpcf7_locale\" value=\"tr_TR\" \/><input type=\"hidden\" name=\"_wpcf7_unit_tag\" value=\"wpcf7-f5287-o1\" \/><input type=\"hidden\" name=\"_wpcf7_container_post\" value=\"0\" \/><input type=\"hidden\" name=\"_wpcf7_posted_data_hash\" value=\"\" \/><input type=\"hidden\" name=\"lang\" value=\"en\" \/>\n<\/fieldset>\n<style>\n.wpcf7 input.wpcf7-text { width: 500px; font-size:20px; }\ninput{ width:100%!important;}\nselect { height:40px;}\n.wpcf7 textarea.wpcf7-textarea { width: 100%; }\n.wpcf7-form textarea { height: 400px; }\n<\/style>\n<div class=\"row\">\n\t<div class=\"col-lg-12 col-sm-12 col-xs-12\">\n\t\t<p><span class=\"wpcf7-form-control-wrap\" data-name=\"isim\"><input size=\"40\" maxlength=\"400\" class=\"wpcf7-form-control wpcf7-text wpcf7-validates-as-required\" aria-required=\"true\" aria-invalid=\"false\" placeholder=\"Name\" value=\"\" type=\"text\" name=\"isim\" \/><\/span>\n\t\t<\/p>\n\t<\/div>\n\t<div class=\"col-lg-12 col-sm-12 col-xs-12\">\n\t\t<p><span class=\"wpcf7-form-control-wrap\" data-name=\"tel\"><input size=\"40\" maxlength=\"400\" class=\"wpcf7-form-control wpcf7-tel wpcf7-validates-as-required wpcf7-text wpcf7-validates-as-tel\" aria-required=\"true\" aria-invalid=\"false\" placeholder=\"Phone\" value=\"\" type=\"tel\" name=\"tel\" \/><\/span>\n\t\t<\/p>\n\t<\/div>\n<\/div>\n<div class=\"row\">\n\t<div class=\"col-lg-12 col-sm-12 col-xs-12\">\n\t\t<p><span class=\"wpcf7-form-control-wrap\" data-name=\"eposta\"><input size=\"40\" maxlength=\"400\" class=\"wpcf7-form-control wpcf7-email wpcf7-validates-as-required wpcf7-text wpcf7-validates-as-email\" aria-required=\"true\" aria-invalid=\"false\" placeholder=\"E-Mail\" value=\"\" type=\"email\" name=\"eposta\" \/><\/span>\n\t\t<\/p>\n\t<\/div>\n<\/div>\n<div class=\"row\" style=\"margin-top:30px;\">\n\t<div class=\"col-lg-12 col-sm-12 col-xs-12\">\n\t\t<p><label> Upload your CV (in .doc, .docx or .pdf format, it should not exceed 10 MB):<br \/>\n<span class=\"wpcf7-form-control-wrap\" data-name=\"cv\"><input size=\"40\" class=\"wpcf7-form-control wpcf7-file\" accept=\".doc,.docx,.pdf\" aria-invalid=\"false\" type=\"file\" name=\"cv\" \/><\/span> <\/label>\n\t\t<\/p>\n\t<\/div>\n<\/div>\n<div class=\"row\" style=\"margin-top:30px;\">\n\t<div class=\"col-lg-12 col-sm-12 col-xs-12\">\n\t\t<p><input class=\"wpcf7-form-control wpcf7-submit has-spinner\" type=\"submit\" value=\"Apply\" \/>\n\t\t<\/p>\n\t<\/div>\n<\/div><p style=\"display: none !important;\" class=\"akismet-fields-container\" data-prefix=\"_wpcf7_ak_\"><label>&#916;<textarea name=\"_wpcf7_ak_hp_textarea\" cols=\"45\" rows=\"8\" maxlength=\"100\"><\/textarea><\/label><input type=\"hidden\" id=\"ak_js_1\" name=\"_wpcf7_ak_js\" value=\"146\"\/><script>document.getElementById( \"ak_js_1\" ).setAttribute( \"value\", ( new Date() ).getTime() );<\/script><\/p><div class=\"wpcf7-response-output\" aria-hidden=\"true\"><\/div>\n<\/form>\n<\/div>\n[\/vc_column][vc_column width=&#8221;1\/2&#8243;][vc_column_text css=&#8221;.vc_custom_1743666402626{margin-bottom: 15px !important;}&#8221; el_class=&#8221;page-title-size&#8221;]<\/p>\n<h2>Internship Application Form<\/h2>\n<p>[\/vc_column_text]\n<div class=\"wpcf7 no-js\" id=\"wpcf7-f5287-o2\" lang=\"tr-TR\" dir=\"ltr\" data-wpcf7-id=\"5287\">\n<div class=\"screen-reader-response\"><p role=\"status\" aria-live=\"polite\" aria-atomic=\"true\"><\/p> <ul><\/ul><\/div>\n<form action=\"\/en\/wp-json\/wp\/v2\/pages\/6003#wpcf7-f5287-o2\" method=\"post\" class=\"wpcf7-form init\" aria-label=\"\u0130leti\u015fim Formu\" enctype=\"multipart\/form-data\" novalidate=\"novalidate\" data-status=\"init\">\n<fieldset class=\"hidden-fields-container\"><input type=\"hidden\" name=\"_wpcf7\" value=\"5287\" \/><input type=\"hidden\" name=\"_wpcf7_version\" value=\"6.1.3\" \/><input type=\"hidden\" name=\"_wpcf7_locale\" value=\"tr_TR\" \/><input type=\"hidden\" name=\"_wpcf7_unit_tag\" value=\"wpcf7-f5287-o2\" \/><input type=\"hidden\" name=\"_wpcf7_container_post\" value=\"0\" \/><input type=\"hidden\" name=\"_wpcf7_posted_data_hash\" value=\"\" \/><input type=\"hidden\" name=\"lang\" value=\"en\" \/>\n<\/fieldset>\n<style>\n.wpcf7 input.wpcf7-text { width: 500px; font-size:20px; }\ninput{ width:100%!important;}\nselect { height:40px;}\n.wpcf7 textarea.wpcf7-textarea { width: 100%; }\n.wpcf7-form textarea { height: 400px; }\n<\/style>\n<div class=\"row\">\n\t<div class=\"col-lg-12 col-sm-12 col-xs-12\">\n\t\t<p><span class=\"wpcf7-form-control-wrap\" data-name=\"isim\"><input size=\"40\" maxlength=\"400\" class=\"wpcf7-form-control wpcf7-text wpcf7-validates-as-required\" aria-required=\"true\" aria-invalid=\"false\" placeholder=\"Name\" value=\"\" type=\"text\" name=\"isim\" \/><\/span>\n\t\t<\/p>\n\t<\/div>\n\t<div class=\"col-lg-12 col-sm-12 col-xs-12\">\n\t\t<p><span class=\"wpcf7-form-control-wrap\" data-name=\"tel\"><input size=\"40\" maxlength=\"400\" class=\"wpcf7-form-control wpcf7-tel wpcf7-validates-as-required wpcf7-text wpcf7-validates-as-tel\" aria-required=\"true\" aria-invalid=\"false\" placeholder=\"Phone\" value=\"\" type=\"tel\" name=\"tel\" \/><\/span>\n\t\t<\/p>\n\t<\/div>\n<\/div>\n<div class=\"row\">\n\t<div class=\"col-lg-12 col-sm-12 col-xs-12\">\n\t\t<p><span class=\"wpcf7-form-control-wrap\" data-name=\"eposta\"><input size=\"40\" maxlength=\"400\" class=\"wpcf7-form-control wpcf7-email wpcf7-validates-as-required wpcf7-text wpcf7-validates-as-email\" aria-required=\"true\" aria-invalid=\"false\" placeholder=\"E-Mail\" value=\"\" type=\"email\" name=\"eposta\" \/><\/span>\n\t\t<\/p>\n\t<\/div>\n<\/div>\n<div class=\"row\" style=\"margin-top:30px;\">\n\t<div class=\"col-lg-12 col-sm-12 col-xs-12\">\n\t\t<p><label> Upload your CV (in .doc, .docx or .pdf format, it should not exceed 10 MB):<br \/>\n<span class=\"wpcf7-form-control-wrap\" data-name=\"cv\"><input size=\"40\" class=\"wpcf7-form-control wpcf7-file\" accept=\".doc,.docx,.pdf\" aria-invalid=\"false\" type=\"file\" name=\"cv\" \/><\/span> <\/label>\n\t\t<\/p>\n\t<\/div>\n<\/div>\n<div class=\"row\" style=\"margin-top:30px;\">\n\t<div class=\"col-lg-12 col-sm-12 col-xs-12\">\n\t\t<p><input class=\"wpcf7-form-control wpcf7-submit has-spinner\" type=\"submit\" value=\"Apply\" \/>\n\t\t<\/p>\n\t<\/div>\n<\/div><p style=\"display: none !important;\" class=\"akismet-fields-container\" data-prefix=\"_wpcf7_ak_\"><label>&#916;<textarea name=\"_wpcf7_ak_hp_textarea\" cols=\"45\" rows=\"8\" maxlength=\"100\"><\/textarea><\/label><input type=\"hidden\" id=\"ak_js_2\" name=\"_wpcf7_ak_js\" value=\"192\"\/><script>document.getElementById( \"ak_js_2\" ).setAttribute( \"value\", ( new Date() ).getTime() );<\/script><\/p><div class=\"wpcf7-response-output\" aria-hidden=\"true\"><\/div>\n<\/form>\n<\/div>\n[\/vc_column][\/vc_row]<\/p>\n<\/div>","protected":false},"excerpt":{"rendered":"<p>[vc_section][vc_row full_width=&#8221;stretch_row_content&#8221; disable_element=&#8221;yes&#8221;][vc_column][vc_single_image image=&#8221;6171&#8243; img_size=&#8221;full&#8221; alignment=&#8221;center&#8221;][\/vc_column][\/vc_row][vc_row][vc_column css=&#8221;.vc_custom_1691116189282{margin-top: 25px !important;margin-bottom: 25px !important;}&#8221;][vc_custom_heading text=&#8221;Human Resources&#8221; font_container=&#8221;tag:p|font_size:48px|text_align:left|color:%23922829&#8243; google_fonts=&#8221;font_family:Raleway%3A100%2C200%2C300%2Cregular%2C500%2C600%2C700%2C800%2C900|font_style:700%20bold%20regular%3A700%3Anormal&#8221; css=&#8221;&#8221;][\/vc_column][\/vc_row][\/vc_section][vc_section][vc_row][vc_column][\/vc_column][\/vc_row][vc_row full_width=&#8221;stretch_row_content_no_spaces&#8221; equal_height=&#8221;yes&#8221; content_placement=&#8221;top&#8221; css=&#8221;.vc_custom_1691116226230{margin-bottom: 25px !important;}&#8221;][vc_column width=&#8221;1\/5&#8243;][\/vc_column][vc_column width=&#8221;1\/5&#8243;][vc_single_image image=&#8221;6175&#8243; img_size=&#8221;full&#8221;][\/vc_column][vc_column width=&#8221;1\/5&#8243;][vc_single_image image=&#8221;6178&#8243; img_size=&#8221;full&#8221;][\/vc_column][vc_column width=&#8221;1\/5&#8243;][vc_single_image image=&#8221;6176&#8243; img_size=&#8221;full&#8221;][\/vc_column][vc_column width=&#8221;1\/5&#8243;][\/vc_column][\/vc_row][vc_row][vc_column][vc_column_text css=&#8221;&#8221;] Armeda holds staff and intern interviews at certain periods. For your job \/ internship applications, you can send an e-mail to&hellip;<\/p>\n","protected":false},"author":2,"featured_media":4630,"parent":0,"menu_order":0,"comment_status":"open","ping_status":"closed","template":"","meta":{"_acf_changed":false,"footnotes":""},"class_list":["post-6003","page","type-page","status-publish","has-post-thumbnail","hentry"],"acf":[],"yoast_head":"<!-- This site is optimized with the Yoast SEO plugin v26.2 - https:\/\/yoast.com\/wordpress\/plugins\/seo\/ -->\n<title>Career<\/title>\n<meta name=\"description\" content=\"\u0130\u00e7 Mimari alan\u0131nda modern \u00e7a\u011f\u0131n estetik anlay\u0131\u015f\u0131n\u0131, sanatla i\u00e7 i\u00e7e bulu\u015ftururken s\u00fcrd\u00fcr\u00fclebilir, yenilik\u00e7i ve \u00f6zg\u00fcn bir ifade ile kendinizi i\u00e7inde en iyi hissettiren konsept tasar\u0131mlar geli\u015ftiriyoruz.\" \/>\n<meta name=\"robots\" content=\"index, follow, max-snippet:-1, max-image-preview:large, max-video-preview:-1\" \/>\n<link rel=\"canonical\" href=\"https:\/\/www.armeda.com.tr\/en\/kariyer\/\" \/>\n<meta property=\"og:locale\" content=\"en_GB\" \/>\n<meta property=\"og:locale:alternate\" content=\"tr_TR\" \/>\n<meta property=\"og:locale:alternate\" content=\"de_DE\" \/>\n<meta property=\"og:type\" content=\"article\" \/>\n<meta property=\"og:title\" content=\"Career\" \/>\n<meta property=\"og:description\" content=\"\u0130\u00e7 Mimari alan\u0131nda modern \u00e7a\u011f\u0131n estetik anlay\u0131\u015f\u0131n\u0131, sanatla i\u00e7 i\u00e7e bulu\u015ftururken s\u00fcrd\u00fcr\u00fclebilir, yenilik\u00e7i ve \u00f6zg\u00fcn bir ifade ile kendinizi i\u00e7inde en iyi hissettiren konsept tasar\u0131mlar geli\u015ftiriyoruz.\" \/>\n<meta property=\"og:url\" content=\"https:\/\/www.armeda.com.tr\/en\/kariyer\/\" \/>\n<meta property=\"og:site_name\" content=\"Armeda \u0130&ccedil; Mimarl\u0131k\" \/>\n<meta property=\"article:publisher\" content=\"https:\/\/www.facebook.com\/armedaicmimarlik\" \/>\n<meta property=\"article:modified_time\" content=\"2025-04-09T20:20:02+00:00\" \/>\n<meta property=\"og:image\" content=\"https:\/\/www.armeda.com.tr\/wp-content\/uploads\/2018\/06\/landscape6.jpg\" \/>\n\t<meta property=\"og:image:width\" content=\"1600\" \/>\n\t<meta property=\"og:image:height\" content=\"1143\" \/>\n\t<meta property=\"og:image:type\" content=\"image\/jpeg\" \/>\n<meta name=\"twitter:card\" content=\"summary_large_image\" \/>\n<meta name=\"twitter:site\" content=\"@armeda_ic_mim\" \/>\n<meta name=\"twitter:label1\" content=\"Estimated reading time\" \/>\n\t<meta name=\"twitter:data1\" content=\"1 minute\" \/>\n<script type=\"application\/ld+json\" class=\"yoast-schema-graph\">{\"@context\":\"https:\/\/schema.org\",\"@graph\":[{\"@type\":\"WebPage\",\"@id\":\"https:\/\/www.armeda.com.tr\/tr\/kariyer\/\",\"url\":\"https:\/\/www.armeda.com.tr\/tr\/kariyer\/\",\"name\":\"Career\",\"isPartOf\":{\"@id\":\"https:\/\/www.armeda.com.tr\/#website\"},\"primaryImageOfPage\":{\"@id\":\"https:\/\/www.armeda.com.tr\/tr\/kariyer\/#primaryimage\"},\"image\":{\"@id\":\"https:\/\/www.armeda.com.tr\/tr\/kariyer\/#primaryimage\"},\"thumbnailUrl\":\"https:\/\/www.armeda.com.tr\/wp-content\/uploads\/2018\/06\/landscape6.jpg\",\"datePublished\":\"2023-03-19T19:17:26+00:00\",\"dateModified\":\"2025-04-09T20:20:02+00:00\",\"description\":\"\u0130\u00e7 Mimari alan\u0131nda modern \u00e7a\u011f\u0131n estetik anlay\u0131\u015f\u0131n\u0131, sanatla i\u00e7 i\u00e7e bulu\u015ftururken s\u00fcrd\u00fcr\u00fclebilir, yenilik\u00e7i ve \u00f6zg\u00fcn bir ifade ile kendinizi i\u00e7inde en iyi hissettiren konsept tasar\u0131mlar geli\u015ftiriyoruz.\",\"breadcrumb\":{\"@id\":\"https:\/\/www.armeda.com.tr\/tr\/kariyer\/#breadcrumb\"},\"inLanguage\":\"en-GB\",\"potentialAction\":[{\"@type\":\"ReadAction\",\"target\":[\"https:\/\/www.armeda.com.tr\/tr\/kariyer\/\"]}]},{\"@type\":\"ImageObject\",\"inLanguage\":\"en-GB\",\"@id\":\"https:\/\/www.armeda.com.tr\/tr\/kariyer\/#primaryimage\",\"url\":\"https:\/\/www.armeda.com.tr\/wp-content\/uploads\/2018\/06\/landscape6.jpg\",\"contentUrl\":\"https:\/\/www.armeda.com.tr\/wp-content\/uploads\/2018\/06\/landscape6.jpg\",\"width\":1600,\"height\":1143},{\"@type\":\"BreadcrumbList\",\"@id\":\"https:\/\/www.armeda.com.tr\/tr\/kariyer\/#breadcrumb\",\"itemListElement\":[{\"@type\":\"ListItem\",\"position\":1,\"name\":\"Ana sayfa\",\"item\":\"https:\/\/www.armeda.com.tr\/tr\/\"},{\"@type\":\"ListItem\",\"position\":2,\"name\":\"Kariyer\"}]},{\"@type\":\"WebSite\",\"@id\":\"https:\/\/www.armeda.com.tr\/#website\",\"url\":\"https:\/\/www.armeda.com.tr\/\",\"name\":\"Armeda \u0130&ccedil; Mimarl\u0131k\",\"description\":\"\u0130&ccedil; Dekorasyon ve Konsept Tasar\u0131m Projeleri\",\"publisher\":{\"@id\":\"https:\/\/www.armeda.com.tr\/#organization\"},\"potentialAction\":[{\"@type\":\"SearchAction\",\"target\":{\"@type\":\"EntryPoint\",\"urlTemplate\":\"https:\/\/www.armeda.com.tr\/?s={search_term_string}\"},\"query-input\":{\"@type\":\"PropertyValueSpecification\",\"valueRequired\":true,\"valueName\":\"search_term_string\"}}],\"inLanguage\":\"en-GB\"},{\"@type\":\"Organization\",\"@id\":\"https:\/\/www.armeda.com.tr\/#organization\",\"name\":\"Armeda \u0130\u00e7 Mimarl\u0131k Ofisi\",\"url\":\"https:\/\/www.armeda.com.tr\/\",\"logo\":{\"@type\":\"ImageObject\",\"inLanguage\":\"en-GB\",\"@id\":\"https:\/\/www.armeda.com.tr\/#\/schema\/logo\/image\/\",\"url\":\"https:\/\/www.armeda.com.tr\/wp-content\/uploads\/2020\/04\/armedaLogo-01.png\",\"contentUrl\":\"https:\/\/www.armeda.com.tr\/wp-content\/uploads\/2020\/04\/armedaLogo-01.png\",\"width\":4167,\"height\":1126,\"caption\":\"Armeda \u0130\u00e7 Mimarl\u0131k Ofisi\"},\"image\":{\"@id\":\"https:\/\/www.armeda.com.tr\/#\/schema\/logo\/image\/\"},\"sameAs\":[\"https:\/\/www.facebook.com\/armedaicmimarlik\",\"https:\/\/x.com\/armeda_ic_mim\",\"https:\/\/www.instagram.com\/armedaicmimarlik\/\",\"https:\/\/www.linkedin.com\/company\/armeda-ic-mimarl\u0131k\/\",\"https:\/\/tr.pinterest.com\/armedaicmimarlik\/\",\"https:\/\/www.youtube.com\/channel\/UCbJk00ySzF1IF4mopBDpApQ\"]}]}<\/script>\n<!-- \/ Yoast SEO plugin. -->","yoast_head_json":{"title":"Career","description":"\u0130\u00e7 Mimari alan\u0131nda modern \u00e7a\u011f\u0131n estetik anlay\u0131\u015f\u0131n\u0131, sanatla i\u00e7 i\u00e7e bulu\u015ftururken s\u00fcrd\u00fcr\u00fclebilir, yenilik\u00e7i ve \u00f6zg\u00fcn bir ifade ile kendinizi i\u00e7inde en iyi hissettiren konsept tasar\u0131mlar geli\u015ftiriyoruz.","robots":{"index":"index","follow":"follow","max-snippet":"max-snippet:-1","max-image-preview":"max-image-preview:large","max-video-preview":"max-video-preview:-1"},"canonical":"https:\/\/www.armeda.com.tr\/en\/kariyer\/","og_locale":"en_GB","og_type":"article","og_title":"[:tr]Kariyer[:en]Career[:de]KARRIERE[:] | Armeda \u0130&ccedil; Mimarl\u0131k","og_description":"\u0130\u00e7 Mimari alan\u0131nda modern \u00e7a\u011f\u0131n estetik anlay\u0131\u015f\u0131n\u0131, sanatla i\u00e7 i\u00e7e bulu\u015ftururken s\u00fcrd\u00fcr\u00fclebilir, yenilik\u00e7i ve \u00f6zg\u00fcn bir ifade ile kendinizi i\u00e7inde en iyi hissettiren konsept tasar\u0131mlar geli\u015ftiriyoruz.","og_url":"https:\/\/www.armeda.com.tr\/en\/kariyer\/","og_site_name":"Armeda \u0130&ccedil; Mimarl\u0131k","article_publisher":"https:\/\/www.facebook.com\/armedaicmimarlik","article_modified_time":"2025-04-09T20:20:02+00:00","og_image":[{"width":1600,"height":1143,"url":"https:\/\/www.armeda.com.tr\/wp-content\/uploads\/2018\/06\/landscape6.jpg","type":"image\/jpeg"}],"twitter_card":"summary_large_image","twitter_site":"@armeda_ic_mim","twitter_misc":{"Estimated reading time":"1 minute"},"schema":{"@context":"https:\/\/schema.org","@graph":[{"@type":"WebPage","@id":"https:\/\/www.armeda.com.tr\/tr\/kariyer\/","url":"https:\/\/www.armeda.com.tr\/tr\/kariyer\/","name":"Career","isPartOf":{"@id":"https:\/\/www.armeda.com.tr\/#website"},"primaryImageOfPage":{"@id":"https:\/\/www.armeda.com.tr\/tr\/kariyer\/#primaryimage"},"image":{"@id":"https:\/\/www.armeda.com.tr\/tr\/kariyer\/#primaryimage"},"thumbnailUrl":"https:\/\/www.armeda.com.tr\/wp-content\/uploads\/2018\/06\/landscape6.jpg","datePublished":"2023-03-19T19:17:26+00:00","dateModified":"2025-04-09T20:20:02+00:00","description":"\u0130\u00e7 Mimari alan\u0131nda modern \u00e7a\u011f\u0131n estetik anlay\u0131\u015f\u0131n\u0131, sanatla i\u00e7 i\u00e7e bulu\u015ftururken s\u00fcrd\u00fcr\u00fclebilir, yenilik\u00e7i ve \u00f6zg\u00fcn bir ifade ile kendinizi i\u00e7inde en iyi hissettiren konsept tasar\u0131mlar geli\u015ftiriyoruz.","breadcrumb":{"@id":"https:\/\/www.armeda.com.tr\/tr\/kariyer\/#breadcrumb"},"inLanguage":"en-GB","potentialAction":[{"@type":"ReadAction","target":["https:\/\/www.armeda.com.tr\/tr\/kariyer\/"]}]},{"@type":"ImageObject","inLanguage":"en-GB","@id":"https:\/\/www.armeda.com.tr\/tr\/kariyer\/#primaryimage","url":"https:\/\/www.armeda.com.tr\/wp-content\/uploads\/2018\/06\/landscape6.jpg","contentUrl":"https:\/\/www.armeda.com.tr\/wp-content\/uploads\/2018\/06\/landscape6.jpg","width":1600,"height":1143},{"@type":"BreadcrumbList","@id":"https:\/\/www.armeda.com.tr\/tr\/kariyer\/#breadcrumb","itemListElement":[{"@type":"ListItem","position":1,"name":"Ana sayfa","item":"https:\/\/www.armeda.com.tr\/tr\/"},{"@type":"ListItem","position":2,"name":"Kariyer"}]},{"@type":"WebSite","@id":"https:\/\/www.armeda.com.tr\/#website","url":"https:\/\/www.armeda.com.tr\/","name":"Armeda \u0130&ccedil; Mimarl\u0131k","description":"\u0130&ccedil; Dekorasyon ve Konsept Tasar\u0131m Projeleri","publisher":{"@id":"https:\/\/www.armeda.com.tr\/#organization"},"potentialAction":[{"@type":"SearchAction","target":{"@type":"EntryPoint","urlTemplate":"https:\/\/www.armeda.com.tr\/?s={search_term_string}"},"query-input":{"@type":"PropertyValueSpecification","valueRequired":true,"valueName":"search_term_string"}}],"inLanguage":"en-GB"},{"@type":"Organization","@id":"https:\/\/www.armeda.com.tr\/#organization","name":"Armeda \u0130\u00e7 Mimarl\u0131k Ofisi","url":"https:\/\/www.armeda.com.tr\/","logo":{"@type":"ImageObject","inLanguage":"en-GB","@id":"https:\/\/www.armeda.com.tr\/#\/schema\/logo\/image\/","url":"https:\/\/www.armeda.com.tr\/wp-content\/uploads\/2020\/04\/armedaLogo-01.png","contentUrl":"https:\/\/www.armeda.com.tr\/wp-content\/uploads\/2020\/04\/armedaLogo-01.png","width":4167,"height":1126,"caption":"Armeda \u0130\u00e7 Mimarl\u0131k Ofisi"},"image":{"@id":"https:\/\/www.armeda.com.tr\/#\/schema\/logo\/image\/"},"sameAs":["https:\/\/www.facebook.com\/armedaicmimarlik","https:\/\/x.com\/armeda_ic_mim","https:\/\/www.instagram.com\/armedaicmimarlik\/","https:\/\/www.linkedin.com\/company\/armeda-ic-mimarl\u0131k\/","https:\/\/tr.pinterest.com\/armedaicmimarlik\/","https:\/\/www.youtube.com\/channel\/UCbJk00ySzF1IF4mopBDpApQ"]}]}},"_links":{"self":[{"href":"https:\/\/www.armeda.com.tr\/en\/wp-json\/wp\/v2\/pages\/6003","targetHints":{"allow":["GET"]}}],"collection":[{"href":"https:\/\/www.armeda.com.tr\/en\/wp-json\/wp\/v2\/pages"}],"about":[{"href":"https:\/\/www.armeda.com.tr\/en\/wp-json\/wp\/v2\/types\/page"}],"author":[{"embeddable":true,"href":"https:\/\/www.armeda.com.tr\/en\/wp-json\/wp\/v2\/users\/2"}],"replies":[{"embeddable":true,"href":"https:\/\/www.armeda.com.tr\/en\/wp-json\/wp\/v2\/comments?post=6003"}],"version-history":[{"count":61,"href":"https:\/\/www.armeda.com.tr\/en\/wp-json\/wp\/v2\/pages\/6003\/revisions"}],"predecessor-version":[{"id":8924,"href":"https:\/\/www.armeda.com.tr\/en\/wp-json\/wp\/v2\/pages\/6003\/revisions\/8924"}],"wp:featuredmedia":[{"embeddable":true,"href":"https:\/\/www.armeda.com.tr\/en\/wp-json\/wp\/v2\/media\/4630"}],"wp:attachment":[{"href":"https:\/\/www.armeda.com.tr\/en\/wp-json\/wp\/v2\/media?parent=6003"}],"curies":[{"name":"wp","href":"https:\/\/api.w.org\/{rel}","templated":true}]}}