{"id":5648,"date":"2020-05-16T18:57:56","date_gmt":"2020-05-16T15:57:56","guid":{"rendered":"https:\/\/www.armeda.com.tr\/?page_id=5648"},"modified":"2020-05-17T13:31:28","modified_gmt":"2020-05-17T10:31:28","slug":"teklif-al","status":"publish","type":"page","link":"https:\/\/www.armeda.com.tr\/en\/teklif-al\/","title":{"rendered":"Teklif Al"},"content":{"rendered":"<div class=\"wpb-content-wrapper\"><p>[vc_row css=&#8221;.vc_custom_1526305349843{padding-top: 25px !important;padding-bottom: 50px !important;}&#8221;][vc_column width=&#8221;1\/2&#8243; reveal_effect=&#8221;fadeIn&#8221; reveal_duration=&#8221;1&#8243; reveal_delay=&#8221;0.3&#8243;][vc_column_text el_class=&#8221;page-title-size&#8221; css=&#8221;.vc_custom_1589644529111{margin-bottom: 15px !important;}&#8221;]<\/p>\n<h1>Teklif Al<\/h1>\n<p>[\/vc_column_text][\/vc_column][vc_column width=&#8221;1\/2&#8243;][\/vc_column][\/vc_row][vc_row el_class=&#8221;contact-row&#8221;][vc_column reveal_effect=&#8221;fadeIn&#8221; reveal_duration=&#8221;1&#8243; reveal_delay=&#8221;0.3&#8243;][vc_column_text css=&#8221;.vc_custom_1589711484941{margin-bottom: 0px !important;}&#8221;]Mekanlar\u0131n\u0131z i\u00e7in Konsept Tasar\u0131m Teklifi alabilirsiniz.[\/vc_column_text][\/vc_column][\/vc_row][vc_row css=&#8221;.vc_custom_1586172908014{margin-top: 30px !important;}&#8221;][vc_column]\n<div class=\"wpcf7 no-js\" id=\"wpcf7-f5647-o1\" lang=\"tr-TR\" dir=\"ltr\" data-wpcf7-id=\"5647\">\n<div class=\"screen-reader-response\"><p role=\"status\" aria-live=\"polite\" aria-atomic=\"true\"><\/p> <ul><\/ul><\/div>\n<form action=\"\/en\/wp-json\/wp\/v2\/pages\/5648#wpcf7-f5647-o1\" method=\"post\" class=\"wpcf7-form init\" aria-label=\"\u0130leti\u015fim Formu\" novalidate=\"novalidate\" data-status=\"init\">\n<fieldset class=\"hidden-fields-container\"><input type=\"hidden\" name=\"_wpcf7\" value=\"5647\" \/><input type=\"hidden\" name=\"_wpcf7_version\" value=\"6.1.3\" \/><input type=\"hidden\" name=\"_wpcf7_locale\" value=\"tr_TR\" \/><input type=\"hidden\" name=\"_wpcf7_unit_tag\" value=\"wpcf7-f5647-o1\" \/><input type=\"hidden\" name=\"_wpcf7_container_post\" value=\"0\" \/><input type=\"hidden\" name=\"_wpcf7_posted_data_hash\" value=\"\" \/><input type=\"hidden\" name=\"lang\" value=\"en\" \/>\n<\/fieldset>\n<style>\n.wpcf7 input.wpcf7-text { width: 500px; font-size:20px; }\ninput{ width:100%!important;}\nselect { height:40px;}\n.wpcf7 textarea.wpcf7-textarea { width: 100%; }\n.wpcf7-form textarea { height: 300px; }\n<\/style>\n<div class=\"row\">\n\t<div class=\"col-lg-6 col-sm-12 col-xs-12\">\n\t\t<p><span class=\"wpcf7-form-control-wrap\" data-name=\"ad\"><input size=\"40\" maxlength=\"400\" class=\"wpcf7-form-control wpcf7-text wpcf7-validates-as-required\" aria-required=\"true\" aria-invalid=\"false\" placeholder=\"Ad\" value=\"\" type=\"text\" name=\"ad\" \/><\/span>\n\t\t<\/p>\n\t<\/div>\n\t<div class=\"col-lg-6 col-sm-12 col-xs-12\">\n\t\t<p><span class=\"wpcf7-form-control-wrap\" data-name=\"soyad\"><input size=\"40\" maxlength=\"400\" class=\"wpcf7-form-control wpcf7-text wpcf7-validates-as-required\" aria-required=\"true\" aria-invalid=\"false\" placeholder=\"Soyad\" value=\"\" type=\"text\" name=\"soyad\" \/><\/span>\n\t\t<\/p>\n\t<\/div>\n<\/div>\n<div class=\"row\">\n\t<div class=\"col-lg-6 col-sm-12 col-xs-12\">\n\t\t<p><span class=\"wpcf7-form-control-wrap\" data-name=\"tel\"><input size=\"40\" maxlength=\"400\" class=\"wpcf7-form-control wpcf7-tel wpcf7-text wpcf7-validates-as-tel\" aria-invalid=\"false\" placeholder=\"Telefon (\u0130ste\u011fe Ba\u011fl\u0131)\" value=\"\" type=\"tel\" name=\"tel\" \/><\/span>\n\t\t<\/p>\n\t<\/div>\n\t<div class=\"col-lg-6 col-sm-12 col-xs-12\">\n\t\t<p><span class=\"wpcf7-form-control-wrap\" data-name=\"eposta\"><input size=\"40\" maxlength=\"400\" class=\"wpcf7-form-control wpcf7-email wpcf7-validates-as-required wpcf7-text wpcf7-validates-as-email\" aria-required=\"true\" aria-invalid=\"false\" placeholder=\"E-Posta\" value=\"\" type=\"email\" name=\"eposta\" \/><\/span>\n\t\t<\/p>\n\t<\/div>\n<\/div>\n<div class=\"row\" style=\"margin-top:30px;\">\n\t<div class=\"col-lg-12 col-sm-12 col-xs-12\">\n\t\t<p><span class=\"wpcf7-form-control-wrap\" data-name=\"kisa-bilgi\"><textarea cols=\"40\" rows=\"10\" maxlength=\"2000\" class=\"wpcf7-form-control wpcf7-textarea\" aria-invalid=\"false\" placeholder=\"Proje ile ilgili k\u0131sa bilgi\" name=\"kisa-bilgi\"><\/textarea><\/span>\n\t\t<\/p>\n\t<\/div>\n<\/div>\n<div class=\"row\" style=\"margin-top:30px;\">\n\t<div class=\"col-lg-12 col-sm-12 col-xs-12\">\n\t\t<p><input class=\"wpcf7-form-control wpcf7-submit has-spinner\" type=\"submit\" value=\"Teklif Al\" \/>\n\t\t<\/p>\n\t<\/div>\n<\/div><p style=\"display: none !important;\" class=\"akismet-fields-container\" data-prefix=\"_wpcf7_ak_\"><label>&#916;<textarea name=\"_wpcf7_ak_hp_textarea\" cols=\"45\" rows=\"8\" maxlength=\"100\"><\/textarea><\/label><input type=\"hidden\" id=\"ak_js_1\" name=\"_wpcf7_ak_js\" value=\"120\"\/><script>document.getElementById( \"ak_js_1\" ).setAttribute( \"value\", ( new Date() ).getTime() );<\/script><\/p><div class=\"wpcf7-response-output\" aria-hidden=\"true\"><\/div>\n<\/form>\n<\/div>\n[\/vc_column][\/vc_row]<\/p>\n<\/div>","protected":false},"excerpt":{"rendered":"<p>[vc_row css=&#8221;.vc_custom_1526305349843{padding-top: 25px !important;padding-bottom: 50px !important;}&#8221;][vc_column width=&#8221;1\/2&#8243; reveal_effect=&#8221;fadeIn&#8221; reveal_duration=&#8221;1&#8243; reveal_delay=&#8221;0.3&#8243;][vc_column_text el_class=&#8221;page-title-size&#8221; css=&#8221;.vc_custom_1589644529111{margin-bottom: 15px !important;}&#8221;] Teklif Al [\/vc_column_text][\/vc_column][vc_column width=&#8221;1\/2&#8243;][\/vc_column][\/vc_row][vc_row el_class=&#8221;contact-row&#8221;][vc_column reveal_effect=&#8221;fadeIn&#8221; reveal_duration=&#8221;1&#8243; reveal_delay=&#8221;0.3&#8243;][vc_column_text css=&#8221;.vc_custom_1589711484941{margin-bottom: 0px !important;}&#8221;]Mekanlar\u0131n\u0131z i\u00e7in Konsept Tasar\u0131m Teklifi alabilirsiniz.[\/vc_column_text][\/vc_column][\/vc_row][vc_row css=&#8221;.vc_custom_1586172908014{margin-top: 30px !important;}&#8221;][vc_column][\/vc_column][\/vc_row]<\/p>\n","protected":false},"author":2,"featured_media":4630,"parent":0,"menu_order":0,"comment_status":"open","ping_status":"open","template":"","meta":{"_acf_changed":false,"footnotes":""},"class_list":["post-5648","page","type-page","status-publish","has-post-thumbnail","hentry"],"acf":[],"yoast_head":"<!-- This site is optimized with the Yoast SEO plugin v26.2 - https:\/\/yoast.com\/wordpress\/plugins\/seo\/ -->\n<title>Teklif Al | Armeda \u0130&ccedil; Mimarl\u0131k<\/title>\n<meta name=\"description\" content=\"\u0130\u00e7 Mimari alan\u0131nda modern \u00e7a\u011f\u0131n estetik anlay\u0131\u015f\u0131n\u0131, sanatla i\u00e7 i\u00e7e bulu\u015ftururken s\u00fcrd\u00fcr\u00fclebilir, yenilik\u00e7i ve \u00f6zg\u00fcn bir ifade ile kendinizi i\u00e7inde en iyi hissettiren konsept tasar\u0131mlar geli\u015ftiriyoruz.\" \/>\n<meta name=\"robots\" content=\"index, follow, max-snippet:-1, max-image-preview:large, max-video-preview:-1\" \/>\n<link rel=\"canonical\" href=\"https:\/\/www.armeda.com.tr\/en\/teklif-al\/\" \/>\n<meta property=\"og:locale\" content=\"en_GB\" \/>\n<meta property=\"og:locale:alternate\" content=\"tr_TR\" \/>\n<meta property=\"og:locale:alternate\" content=\"de_DE\" \/>\n<meta property=\"og:type\" content=\"article\" \/>\n<meta property=\"og:title\" content=\"Teklif Al | Armeda \u0130&ccedil; Mimarl\u0131k\" \/>\n<meta property=\"og:description\" content=\"\u0130\u00e7 Mimari alan\u0131nda modern \u00e7a\u011f\u0131n estetik anlay\u0131\u015f\u0131n\u0131, sanatla i\u00e7 i\u00e7e bulu\u015ftururken s\u00fcrd\u00fcr\u00fclebilir, yenilik\u00e7i ve \u00f6zg\u00fcn bir ifade ile kendinizi i\u00e7inde en iyi hissettiren konsept tasar\u0131mlar geli\u015ftiriyoruz.\" \/>\n<meta property=\"og:url\" content=\"https:\/\/www.armeda.com.tr\/en\/teklif-al\/\" \/>\n<meta property=\"og:site_name\" content=\"Armeda \u0130&ccedil; Mimarl\u0131k\" \/>\n<meta property=\"article:publisher\" content=\"https:\/\/www.facebook.com\/armedaicmimarlik\" \/>\n<meta property=\"article:modified_time\" content=\"2020-05-17T10:31:28+00:00\" \/>\n<meta property=\"og:image\" content=\"https:\/\/www.armeda.com.tr\/wp-content\/uploads\/2018\/06\/landscape6.jpg\" \/>\n\t<meta property=\"og:image:width\" content=\"1600\" \/>\n\t<meta property=\"og:image:height\" content=\"1143\" \/>\n\t<meta property=\"og:image:type\" content=\"image\/jpeg\" \/>\n<meta name=\"twitter:card\" content=\"summary_large_image\" \/>\n<meta name=\"twitter:site\" content=\"@armeda_ic_mim\" \/>\n<meta name=\"twitter:label1\" content=\"Estimated reading time\" \/>\n\t<meta name=\"twitter:data1\" content=\"1 minute\" \/>\n<script type=\"application\/ld+json\" class=\"yoast-schema-graph\">{\"@context\":\"https:\/\/schema.org\",\"@graph\":[{\"@type\":\"WebPage\",\"@id\":\"https:\/\/www.armeda.com.tr\/tr\/teklif-al\/\",\"url\":\"https:\/\/www.armeda.com.tr\/tr\/teklif-al\/\",\"name\":\"Teklif Al | Armeda \u0130&ccedil; Mimarl\u0131k\",\"isPartOf\":{\"@id\":\"https:\/\/www.armeda.com.tr\/#website\"},\"primaryImageOfPage\":{\"@id\":\"https:\/\/www.armeda.com.tr\/tr\/teklif-al\/#primaryimage\"},\"image\":{\"@id\":\"https:\/\/www.armeda.com.tr\/tr\/teklif-al\/#primaryimage\"},\"thumbnailUrl\":\"https:\/\/www.armeda.com.tr\/wp-content\/uploads\/2018\/06\/landscape6.jpg\",\"datePublished\":\"2020-05-16T15:57:56+00:00\",\"dateModified\":\"2020-05-17T10:31:28+00:00\",\"description\":\"\u0130\u00e7 Mimari alan\u0131nda modern \u00e7a\u011f\u0131n estetik anlay\u0131\u015f\u0131n\u0131, sanatla i\u00e7 i\u00e7e bulu\u015ftururken s\u00fcrd\u00fcr\u00fclebilir, yenilik\u00e7i ve \u00f6zg\u00fcn bir ifade ile kendinizi i\u00e7inde en iyi hissettiren konsept tasar\u0131mlar geli\u015ftiriyoruz.\",\"breadcrumb\":{\"@id\":\"https:\/\/www.armeda.com.tr\/tr\/teklif-al\/#breadcrumb\"},\"inLanguage\":\"en-GB\",\"potentialAction\":[{\"@type\":\"ReadAction\",\"target\":[\"https:\/\/www.armeda.com.tr\/tr\/teklif-al\/\"]}]},{\"@type\":\"ImageObject\",\"inLanguage\":\"en-GB\",\"@id\":\"https:\/\/www.armeda.com.tr\/tr\/teklif-al\/#primaryimage\",\"url\":\"https:\/\/www.armeda.com.tr\/wp-content\/uploads\/2018\/06\/landscape6.jpg\",\"contentUrl\":\"https:\/\/www.armeda.com.tr\/wp-content\/uploads\/2018\/06\/landscape6.jpg\",\"width\":1600,\"height\":1143},{\"@type\":\"BreadcrumbList\",\"@id\":\"https:\/\/www.armeda.com.tr\/tr\/teklif-al\/#breadcrumb\",\"itemListElement\":[{\"@type\":\"ListItem\",\"position\":1,\"name\":\"Ana sayfa\",\"item\":\"https:\/\/www.armeda.com.tr\/tr\/\"},{\"@type\":\"ListItem\",\"position\":2,\"name\":\"Teklif Al\"}]},{\"@type\":\"WebSite\",\"@id\":\"https:\/\/www.armeda.com.tr\/#website\",\"url\":\"https:\/\/www.armeda.com.tr\/\",\"name\":\"Armeda \u0130&ccedil; Mimarl\u0131k\",\"description\":\"\u0130&ccedil; Dekorasyon ve Konsept Tasar\u0131m Projeleri\",\"publisher\":{\"@id\":\"https:\/\/www.armeda.com.tr\/#organization\"},\"potentialAction\":[{\"@type\":\"SearchAction\",\"target\":{\"@type\":\"EntryPoint\",\"urlTemplate\":\"https:\/\/www.armeda.com.tr\/?s={search_term_string}\"},\"query-input\":{\"@type\":\"PropertyValueSpecification\",\"valueRequired\":true,\"valueName\":\"search_term_string\"}}],\"inLanguage\":\"en-GB\"},{\"@type\":\"Organization\",\"@id\":\"https:\/\/www.armeda.com.tr\/#organization\",\"name\":\"Armeda \u0130\u00e7 Mimarl\u0131k Ofisi\",\"url\":\"https:\/\/www.armeda.com.tr\/\",\"logo\":{\"@type\":\"ImageObject\",\"inLanguage\":\"en-GB\",\"@id\":\"https:\/\/www.armeda.com.tr\/#\/schema\/logo\/image\/\",\"url\":\"https:\/\/www.armeda.com.tr\/wp-content\/uploads\/2020\/04\/armedaLogo-01.png\",\"contentUrl\":\"https:\/\/www.armeda.com.tr\/wp-content\/uploads\/2020\/04\/armedaLogo-01.png\",\"width\":4167,\"height\":1126,\"caption\":\"Armeda \u0130\u00e7 Mimarl\u0131k Ofisi\"},\"image\":{\"@id\":\"https:\/\/www.armeda.com.tr\/#\/schema\/logo\/image\/\"},\"sameAs\":[\"https:\/\/www.facebook.com\/armedaicmimarlik\",\"https:\/\/x.com\/armeda_ic_mim\",\"https:\/\/www.instagram.com\/armedaicmimarlik\/\",\"https:\/\/www.linkedin.com\/company\/armeda-ic-mimarl\u0131k\/\",\"https:\/\/tr.pinterest.com\/armedaicmimarlik\/\",\"https:\/\/www.youtube.com\/channel\/UCbJk00ySzF1IF4mopBDpApQ\"]}]}<\/script>\n<!-- \/ Yoast SEO plugin. -->","yoast_head_json":{"title":"Teklif Al | Armeda \u0130&ccedil; Mimarl\u0131k","description":"\u0130\u00e7 Mimari alan\u0131nda modern \u00e7a\u011f\u0131n estetik anlay\u0131\u015f\u0131n\u0131, sanatla i\u00e7 i\u00e7e bulu\u015ftururken s\u00fcrd\u00fcr\u00fclebilir, yenilik\u00e7i ve \u00f6zg\u00fcn bir ifade ile kendinizi i\u00e7inde en iyi hissettiren konsept tasar\u0131mlar geli\u015ftiriyoruz.","robots":{"index":"index","follow":"follow","max-snippet":"max-snippet:-1","max-image-preview":"max-image-preview:large","max-video-preview":"max-video-preview:-1"},"canonical":"https:\/\/www.armeda.com.tr\/en\/teklif-al\/","og_locale":"en_GB","og_type":"article","og_title":"Teklif Al | Armeda \u0130&ccedil; Mimarl\u0131k","og_description":"\u0130\u00e7 Mimari alan\u0131nda modern \u00e7a\u011f\u0131n estetik anlay\u0131\u015f\u0131n\u0131, sanatla i\u00e7 i\u00e7e bulu\u015ftururken s\u00fcrd\u00fcr\u00fclebilir, yenilik\u00e7i ve \u00f6zg\u00fcn bir ifade ile kendinizi i\u00e7inde en iyi hissettiren konsept tasar\u0131mlar geli\u015ftiriyoruz.","og_url":"https:\/\/www.armeda.com.tr\/en\/teklif-al\/","og_site_name":"Armeda \u0130&ccedil; Mimarl\u0131k","article_publisher":"https:\/\/www.facebook.com\/armedaicmimarlik","article_modified_time":"2020-05-17T10:31:28+00:00","og_image":[{"width":1600,"height":1143,"url":"https:\/\/www.armeda.com.tr\/wp-content\/uploads\/2018\/06\/landscape6.jpg","type":"image\/jpeg"}],"twitter_card":"summary_large_image","twitter_site":"@armeda_ic_mim","twitter_misc":{"Estimated reading time":"1 minute"},"schema":{"@context":"https:\/\/schema.org","@graph":[{"@type":"WebPage","@id":"https:\/\/www.armeda.com.tr\/tr\/teklif-al\/","url":"https:\/\/www.armeda.com.tr\/tr\/teklif-al\/","name":"Teklif Al | Armeda \u0130&ccedil; Mimarl\u0131k","isPartOf":{"@id":"https:\/\/www.armeda.com.tr\/#website"},"primaryImageOfPage":{"@id":"https:\/\/www.armeda.com.tr\/tr\/teklif-al\/#primaryimage"},"image":{"@id":"https:\/\/www.armeda.com.tr\/tr\/teklif-al\/#primaryimage"},"thumbnailUrl":"https:\/\/www.armeda.com.tr\/wp-content\/uploads\/2018\/06\/landscape6.jpg","datePublished":"2020-05-16T15:57:56+00:00","dateModified":"2020-05-17T10:31:28+00:00","description":"\u0130\u00e7 Mimari alan\u0131nda modern \u00e7a\u011f\u0131n estetik anlay\u0131\u015f\u0131n\u0131, sanatla i\u00e7 i\u00e7e bulu\u015ftururken s\u00fcrd\u00fcr\u00fclebilir, yenilik\u00e7i ve \u00f6zg\u00fcn bir ifade ile kendinizi i\u00e7inde en iyi hissettiren konsept tasar\u0131mlar geli\u015ftiriyoruz.","breadcrumb":{"@id":"https:\/\/www.armeda.com.tr\/tr\/teklif-al\/#breadcrumb"},"inLanguage":"en-GB","potentialAction":[{"@type":"ReadAction","target":["https:\/\/www.armeda.com.tr\/tr\/teklif-al\/"]}]},{"@type":"ImageObject","inLanguage":"en-GB","@id":"https:\/\/www.armeda.com.tr\/tr\/teklif-al\/#primaryimage","url":"https:\/\/www.armeda.com.tr\/wp-content\/uploads\/2018\/06\/landscape6.jpg","contentUrl":"https:\/\/www.armeda.com.tr\/wp-content\/uploads\/2018\/06\/landscape6.jpg","width":1600,"height":1143},{"@type":"BreadcrumbList","@id":"https:\/\/www.armeda.com.tr\/tr\/teklif-al\/#breadcrumb","itemListElement":[{"@type":"ListItem","position":1,"name":"Ana sayfa","item":"https:\/\/www.armeda.com.tr\/tr\/"},{"@type":"ListItem","position":2,"name":"Teklif Al"}]},{"@type":"WebSite","@id":"https:\/\/www.armeda.com.tr\/#website","url":"https:\/\/www.armeda.com.tr\/","name":"Armeda \u0130&ccedil; Mimarl\u0131k","description":"\u0130&ccedil; Dekorasyon ve Konsept Tasar\u0131m Projeleri","publisher":{"@id":"https:\/\/www.armeda.com.tr\/#organization"},"potentialAction":[{"@type":"SearchAction","target":{"@type":"EntryPoint","urlTemplate":"https:\/\/www.armeda.com.tr\/?s={search_term_string}"},"query-input":{"@type":"PropertyValueSpecification","valueRequired":true,"valueName":"search_term_string"}}],"inLanguage":"en-GB"},{"@type":"Organization","@id":"https:\/\/www.armeda.com.tr\/#organization","name":"Armeda \u0130\u00e7 Mimarl\u0131k Ofisi","url":"https:\/\/www.armeda.com.tr\/","logo":{"@type":"ImageObject","inLanguage":"en-GB","@id":"https:\/\/www.armeda.com.tr\/#\/schema\/logo\/image\/","url":"https:\/\/www.armeda.com.tr\/wp-content\/uploads\/2020\/04\/armedaLogo-01.png","contentUrl":"https:\/\/www.armeda.com.tr\/wp-content\/uploads\/2020\/04\/armedaLogo-01.png","width":4167,"height":1126,"caption":"Armeda \u0130\u00e7 Mimarl\u0131k Ofisi"},"image":{"@id":"https:\/\/www.armeda.com.tr\/#\/schema\/logo\/image\/"},"sameAs":["https:\/\/www.facebook.com\/armedaicmimarlik","https:\/\/x.com\/armeda_ic_mim","https:\/\/www.instagram.com\/armedaicmimarlik\/","https:\/\/www.linkedin.com\/company\/armeda-ic-mimarl\u0131k\/","https:\/\/tr.pinterest.com\/armedaicmimarlik\/","https:\/\/www.youtube.com\/channel\/UCbJk00ySzF1IF4mopBDpApQ"]}]}},"_links":{"self":[{"href":"https:\/\/www.armeda.com.tr\/en\/wp-json\/wp\/v2\/pages\/5648","targetHints":{"allow":["GET"]}}],"collection":[{"href":"https:\/\/www.armeda.com.tr\/en\/wp-json\/wp\/v2\/pages"}],"about":[{"href":"https:\/\/www.armeda.com.tr\/en\/wp-json\/wp\/v2\/types\/page"}],"author":[{"embeddable":true,"href":"https:\/\/www.armeda.com.tr\/en\/wp-json\/wp\/v2\/users\/2"}],"replies":[{"embeddable":true,"href":"https:\/\/www.armeda.com.tr\/en\/wp-json\/wp\/v2\/comments?post=5648"}],"version-history":[{"count":3,"href":"https:\/\/www.armeda.com.tr\/en\/wp-json\/wp\/v2\/pages\/5648\/revisions"}],"predecessor-version":[{"id":5652,"href":"https:\/\/www.armeda.com.tr\/en\/wp-json\/wp\/v2\/pages\/5648\/revisions\/5652"}],"wp:featuredmedia":[{"embeddable":true,"href":"https:\/\/www.armeda.com.tr\/en\/wp-json\/wp\/v2\/media\/4630"}],"wp:attachment":[{"href":"https:\/\/www.armeda.com.tr\/en\/wp-json\/wp\/v2\/media?parent=5648"}],"curies":[{"name":"wp","href":"https:\/\/api.w.org\/{rel}","templated":true}]}}