{"id":8244,"date":"2025-02-20T02:39:22","date_gmt":"2025-02-19T23:39:22","guid":{"rendered":"https:\/\/www.armeda.com.tr\/?page_id=8244"},"modified":"2025-04-09T09:16:42","modified_gmt":"2025-04-09T06:16:42","slug":"perakende-projeleri","status":"publish","type":"page","link":"https:\/\/www.armeda.com.tr\/de\/perakende-projeleri\/","title":{"rendered":"EINZELHANDELSPROJEKTE"},"content":{"rendered":"<div class=\"wpb-content-wrapper\"><p>[vc_row][vc_column][lab_portfolio_items description=&#8220;Unsere Projekte im Einzelhandel im In- und Ausland&#8220; default_filter_category=&#8220;perakende&#8220; dynamic_image_height=&#8220;yes&#8220; portfolio_query=&#8220;size:100|order_by:date|order:ASC|post_type:portfolio|tax_query:281&#8243;][\/vc_column][\/vc_row]<\/p>\n<\/div>","protected":false},"excerpt":{"rendered":"<p>[vc_row][vc_column][lab_portfolio_items description=&#8220;Unsere Projekte im Einzelhandel im In- und Ausland&#8220; default_filter_category=&#8220;perakende&#8220; dynamic_image_height=&#8220;yes&#8220; portfolio_query=&#8220;size:100|order_by:date|order:ASC|post_type:portfolio|tax_query:281&#8243;][\/vc_column][\/vc_row]<\/p>\n","protected":false},"author":2,"featured_media":0,"parent":0,"menu_order":0,"comment_status":"closed","ping_status":"closed","template":"","meta":{"_acf_changed":false,"footnotes":""},"class_list":["post-8244","page","type-page","status-publish","hentry"],"acf":[],"yoast_head":"<!-- This site is optimized with the Yoast SEO plugin v26.2 - https:\/\/yoast.com\/wordpress\/plugins\/seo\/ -->\n<title>EINZELHANDELSPROJEKTE<\/title>\n<meta name=\"description\" content=\"\u0130\u00e7 Mimari alan\u0131nda modern \u00e7a\u011f\u0131n estetik anlay\u0131\u015f\u0131n\u0131, sanatla i\u00e7 i\u00e7e bulu\u015ftururken s\u00fcrd\u00fcr\u00fclebilir, yenilik\u00e7i ve \u00f6zg\u00fcn bir ifade ile kendinizi i\u00e7inde en iyi hissettiren konsept tasar\u0131mlar geli\u015ftiriyoruz.\" \/>\n<meta name=\"robots\" content=\"index, follow, max-snippet:-1, max-image-preview:large, max-video-preview:-1\" \/>\n<link rel=\"canonical\" href=\"https:\/\/www.armeda.com.tr\/de\/perakende-projeleri\/\" \/>\n<meta property=\"og:locale\" content=\"de_DE\" \/>\n<meta property=\"og:locale:alternate\" content=\"tr_TR\" \/>\n<meta property=\"og:locale:alternate\" content=\"en_GB\" \/>\n<meta property=\"og:type\" content=\"article\" \/>\n<meta property=\"og:title\" content=\"EINZELHANDELSPROJEKTE\" \/>\n<meta property=\"og:description\" content=\"\u0130\u00e7 Mimari alan\u0131nda modern \u00e7a\u011f\u0131n estetik anlay\u0131\u015f\u0131n\u0131, sanatla i\u00e7 i\u00e7e bulu\u015ftururken s\u00fcrd\u00fcr\u00fclebilir, yenilik\u00e7i ve \u00f6zg\u00fcn bir ifade ile kendinizi i\u00e7inde en iyi hissettiren konsept tasar\u0131mlar geli\u015ftiriyoruz.\" \/>\n<meta property=\"og:url\" content=\"https:\/\/www.armeda.com.tr\/de\/perakende-projeleri\/\" \/>\n<meta property=\"og:site_name\" content=\"Armeda \u0130&ccedil; Mimarl\u0131k\" \/>\n<meta property=\"article:publisher\" content=\"https:\/\/www.facebook.com\/armedaicmimarlik\" \/>\n<meta property=\"article:modified_time\" content=\"2025-04-09T06:16:42+00:00\" \/>\n<meta name=\"twitter:card\" content=\"summary_large_image\" \/>\n<meta name=\"twitter:site\" content=\"@armeda_ic_mim\" \/>\n<meta name=\"twitter:label1\" content=\"Gesch\u00e4tzte Lesezeit\" \/>\n\t<meta name=\"twitter:data1\" content=\"1\u00a0Minute\" \/>\n<script type=\"application\/ld+json\" class=\"yoast-schema-graph\">{\"@context\":\"https:\/\/schema.org\",\"@graph\":[{\"@type\":\"WebPage\",\"@id\":\"https:\/\/www.armeda.com.tr\/tr\/perakende-projeleri\/\",\"url\":\"https:\/\/www.armeda.com.tr\/tr\/perakende-projeleri\/\",\"name\":\"EINZELHANDELSPROJEKTE\",\"isPartOf\":{\"@id\":\"https:\/\/www.armeda.com.tr\/#website\"},\"datePublished\":\"2025-02-19T23:39:22+00:00\",\"dateModified\":\"2025-04-09T06:16:42+00:00\",\"description\":\"\u0130\u00e7 Mimari alan\u0131nda modern \u00e7a\u011f\u0131n estetik anlay\u0131\u015f\u0131n\u0131, sanatla i\u00e7 i\u00e7e bulu\u015ftururken s\u00fcrd\u00fcr\u00fclebilir, yenilik\u00e7i ve \u00f6zg\u00fcn bir ifade ile kendinizi i\u00e7inde en iyi hissettiren konsept tasar\u0131mlar geli\u015ftiriyoruz.\",\"breadcrumb\":{\"@id\":\"https:\/\/www.armeda.com.tr\/tr\/perakende-projeleri\/#breadcrumb\"},\"inLanguage\":\"de-DE\",\"potentialAction\":[{\"@type\":\"ReadAction\",\"target\":[\"https:\/\/www.armeda.com.tr\/tr\/perakende-projeleri\/\"]}]},{\"@type\":\"BreadcrumbList\",\"@id\":\"https:\/\/www.armeda.com.tr\/tr\/perakende-projeleri\/#breadcrumb\",\"itemListElement\":[{\"@type\":\"ListItem\",\"position\":1,\"name\":\"Ana sayfa\",\"item\":\"https:\/\/www.armeda.com.tr\/tr\/\"},{\"@type\":\"ListItem\",\"position\":2,\"name\":\"Perakende Projeleri\"}]},{\"@type\":\"WebSite\",\"@id\":\"https:\/\/www.armeda.com.tr\/#website\",\"url\":\"https:\/\/www.armeda.com.tr\/\",\"name\":\"Armeda \u0130&ccedil; Mimarl\u0131k\",\"description\":\"\u0130&ccedil; Dekorasyon ve Konsept Tasar\u0131m Projeleri\",\"publisher\":{\"@id\":\"https:\/\/www.armeda.com.tr\/#organization\"},\"potentialAction\":[{\"@type\":\"SearchAction\",\"target\":{\"@type\":\"EntryPoint\",\"urlTemplate\":\"https:\/\/www.armeda.com.tr\/?s={search_term_string}\"},\"query-input\":{\"@type\":\"PropertyValueSpecification\",\"valueRequired\":true,\"valueName\":\"search_term_string\"}}],\"inLanguage\":\"de-DE\"},{\"@type\":\"Organization\",\"@id\":\"https:\/\/www.armeda.com.tr\/#organization\",\"name\":\"Armeda \u0130\u00e7 Mimarl\u0131k Ofisi\",\"url\":\"https:\/\/www.armeda.com.tr\/\",\"logo\":{\"@type\":\"ImageObject\",\"inLanguage\":\"de-DE\",\"@id\":\"https:\/\/www.armeda.com.tr\/#\/schema\/logo\/image\/\",\"url\":\"https:\/\/www.armeda.com.tr\/wp-content\/uploads\/2020\/04\/armedaLogo-01.png\",\"contentUrl\":\"https:\/\/www.armeda.com.tr\/wp-content\/uploads\/2020\/04\/armedaLogo-01.png\",\"width\":4167,\"height\":1126,\"caption\":\"Armeda \u0130\u00e7 Mimarl\u0131k Ofisi\"},\"image\":{\"@id\":\"https:\/\/www.armeda.com.tr\/#\/schema\/logo\/image\/\"},\"sameAs\":[\"https:\/\/www.facebook.com\/armedaicmimarlik\",\"https:\/\/x.com\/armeda_ic_mim\",\"https:\/\/www.instagram.com\/armedaicmimarlik\/\",\"https:\/\/www.linkedin.com\/company\/armeda-ic-mimarl\u0131k\/\",\"https:\/\/tr.pinterest.com\/armedaicmimarlik\/\",\"https:\/\/www.youtube.com\/channel\/UCbJk00ySzF1IF4mopBDpApQ\"]}]}<\/script>\n<!-- \/ Yoast SEO plugin. -->","yoast_head_json":{"title":"EINZELHANDELSPROJEKTE","description":"\u0130\u00e7 Mimari alan\u0131nda modern \u00e7a\u011f\u0131n estetik anlay\u0131\u015f\u0131n\u0131, sanatla i\u00e7 i\u00e7e bulu\u015ftururken s\u00fcrd\u00fcr\u00fclebilir, yenilik\u00e7i ve \u00f6zg\u00fcn bir ifade ile kendinizi i\u00e7inde en iyi hissettiren konsept tasar\u0131mlar geli\u015ftiriyoruz.","robots":{"index":"index","follow":"follow","max-snippet":"max-snippet:-1","max-image-preview":"max-image-preview:large","max-video-preview":"max-video-preview:-1"},"canonical":"https:\/\/www.armeda.com.tr\/de\/perakende-projeleri\/","og_locale":"de_DE","og_type":"article","og_title":"[:tr]Perakende Projeleri[:en]Retail Projects[:de]EINZELHANDELSPROJEKTE[:] | Armeda \u0130&ccedil; Mimarl\u0131k","og_description":"\u0130\u00e7 Mimari alan\u0131nda modern \u00e7a\u011f\u0131n estetik anlay\u0131\u015f\u0131n\u0131, sanatla i\u00e7 i\u00e7e bulu\u015ftururken s\u00fcrd\u00fcr\u00fclebilir, yenilik\u00e7i ve \u00f6zg\u00fcn bir ifade ile kendinizi i\u00e7inde en iyi hissettiren konsept tasar\u0131mlar geli\u015ftiriyoruz.","og_url":"https:\/\/www.armeda.com.tr\/de\/perakende-projeleri\/","og_site_name":"Armeda \u0130&ccedil; Mimarl\u0131k","article_publisher":"https:\/\/www.facebook.com\/armedaicmimarlik","article_modified_time":"2025-04-09T06:16:42+00:00","twitter_card":"summary_large_image","twitter_site":"@armeda_ic_mim","twitter_misc":{"Gesch\u00e4tzte Lesezeit":"1\u00a0Minute"},"schema":{"@context":"https:\/\/schema.org","@graph":[{"@type":"WebPage","@id":"https:\/\/www.armeda.com.tr\/tr\/perakende-projeleri\/","url":"https:\/\/www.armeda.com.tr\/tr\/perakende-projeleri\/","name":"EINZELHANDELSPROJEKTE","isPartOf":{"@id":"https:\/\/www.armeda.com.tr\/#website"},"datePublished":"2025-02-19T23:39:22+00:00","dateModified":"2025-04-09T06:16:42+00:00","description":"\u0130\u00e7 Mimari alan\u0131nda modern \u00e7a\u011f\u0131n estetik anlay\u0131\u015f\u0131n\u0131, sanatla i\u00e7 i\u00e7e bulu\u015ftururken s\u00fcrd\u00fcr\u00fclebilir, yenilik\u00e7i ve \u00f6zg\u00fcn bir ifade ile kendinizi i\u00e7inde en iyi hissettiren konsept tasar\u0131mlar geli\u015ftiriyoruz.","breadcrumb":{"@id":"https:\/\/www.armeda.com.tr\/tr\/perakende-projeleri\/#breadcrumb"},"inLanguage":"de-DE","potentialAction":[{"@type":"ReadAction","target":["https:\/\/www.armeda.com.tr\/tr\/perakende-projeleri\/"]}]},{"@type":"BreadcrumbList","@id":"https:\/\/www.armeda.com.tr\/tr\/perakende-projeleri\/#breadcrumb","itemListElement":[{"@type":"ListItem","position":1,"name":"Ana sayfa","item":"https:\/\/www.armeda.com.tr\/tr\/"},{"@type":"ListItem","position":2,"name":"Perakende Projeleri"}]},{"@type":"WebSite","@id":"https:\/\/www.armeda.com.tr\/#website","url":"https:\/\/www.armeda.com.tr\/","name":"Armeda \u0130&ccedil; Mimarl\u0131k","description":"\u0130&ccedil; Dekorasyon ve Konsept Tasar\u0131m Projeleri","publisher":{"@id":"https:\/\/www.armeda.com.tr\/#organization"},"potentialAction":[{"@type":"SearchAction","target":{"@type":"EntryPoint","urlTemplate":"https:\/\/www.armeda.com.tr\/?s={search_term_string}"},"query-input":{"@type":"PropertyValueSpecification","valueRequired":true,"valueName":"search_term_string"}}],"inLanguage":"de-DE"},{"@type":"Organization","@id":"https:\/\/www.armeda.com.tr\/#organization","name":"Armeda \u0130\u00e7 Mimarl\u0131k Ofisi","url":"https:\/\/www.armeda.com.tr\/","logo":{"@type":"ImageObject","inLanguage":"de-DE","@id":"https:\/\/www.armeda.com.tr\/#\/schema\/logo\/image\/","url":"https:\/\/www.armeda.com.tr\/wp-content\/uploads\/2020\/04\/armedaLogo-01.png","contentUrl":"https:\/\/www.armeda.com.tr\/wp-content\/uploads\/2020\/04\/armedaLogo-01.png","width":4167,"height":1126,"caption":"Armeda \u0130\u00e7 Mimarl\u0131k Ofisi"},"image":{"@id":"https:\/\/www.armeda.com.tr\/#\/schema\/logo\/image\/"},"sameAs":["https:\/\/www.facebook.com\/armedaicmimarlik","https:\/\/x.com\/armeda_ic_mim","https:\/\/www.instagram.com\/armedaicmimarlik\/","https:\/\/www.linkedin.com\/company\/armeda-ic-mimarl\u0131k\/","https:\/\/tr.pinterest.com\/armedaicmimarlik\/","https:\/\/www.youtube.com\/channel\/UCbJk00ySzF1IF4mopBDpApQ"]}]}},"_links":{"self":[{"href":"https:\/\/www.armeda.com.tr\/de\/wp-json\/wp\/v2\/pages\/8244","targetHints":{"allow":["GET"]}}],"collection":[{"href":"https:\/\/www.armeda.com.tr\/de\/wp-json\/wp\/v2\/pages"}],"about":[{"href":"https:\/\/www.armeda.com.tr\/de\/wp-json\/wp\/v2\/types\/page"}],"author":[{"embeddable":true,"href":"https:\/\/www.armeda.com.tr\/de\/wp-json\/wp\/v2\/users\/2"}],"replies":[{"embeddable":true,"href":"https:\/\/www.armeda.com.tr\/de\/wp-json\/wp\/v2\/comments?post=8244"}],"version-history":[{"count":8,"href":"https:\/\/www.armeda.com.tr\/de\/wp-json\/wp\/v2\/pages\/8244\/revisions"}],"predecessor-version":[{"id":8803,"href":"https:\/\/www.armeda.com.tr\/de\/wp-json\/wp\/v2\/pages\/8244\/revisions\/8803"}],"wp:attachment":[{"href":"https:\/\/www.armeda.com.tr\/de\/wp-json\/wp\/v2\/media?parent=8244"}],"curies":[{"name":"wp","href":"https:\/\/api.w.org\/{rel}","templated":true}]}}